{"id":25,"date":"2024-06-24T17:28:55","date_gmt":"2024-06-24T23:28:55","guid":{"rendered":"https:\/\/heroesverdes.mx\/?page_id=25"},"modified":"2024-06-25T12:02:57","modified_gmt":"2024-06-25T18:02:57","slug":"la-serie","status":"publish","type":"page","link":"https:\/\/heroesverdes.org\/es\/la-serie\/","title":{"rendered":"La Serie"},"content":{"rendered":"<p>[et_pb_section fb_built=\u00bb1&#8243; _builder_version=\u00bb4.25.2&#8243; _module_preset=\u00bbdefault\u00bb global_colors_info=\u00bb{}\u00bb][et_pb_row _builder_version=\u00bb4.25.2&#8243; _module_preset=\u00bbdefault\u00bb global_colors_info=\u00bb{}\u00bb][et_pb_column type=\u00bb4_4&#8243; _builder_version=\u00bb4.25.2&#8243; _module_preset=\u00bbdefault\u00bb global_colors_info=\u00bb{}\u00bb][dsm_image_carousel gallery_ids=\u00bb186,187,188,189,190,191,192,193,194,195,196,197,198,199,200&#8243; slide_to_show=\u00bb1&#8243; arrow_position=\u00bbinside\u00bb arrow_size=\u00bb70px\u00bb dots=\u00bboff\u00bb arrow_color=\u00bb#000000&#8243; _builder_version=\u00bb4.25.2&#8243; _module_preset=\u00bbdefault\u00bb custom_margin=\u00bb||0px||false|false\u00bb global_colors_info=\u00bb{}\u00bb][\/dsm_image_carousel][\/et_pb_column][\/et_pb_row][et_pb_row _builder_version=\u00bb4.25.2&#8243; _module_preset=\u00bbdefault\u00bb global_colors_info=\u00bb{}\u00bb][et_pb_column type=\u00bb4_4&#8243; _builder_version=\u00bb4.25.2&#8243; _module_preset=\u00bbdefault\u00bb global_colors_info=\u00bb{}\u00bb][et_pb_text _builder_version=\u00bb4.25.2&#8243; _module_preset=\u00bbdefault\u00bb text_font=\u00bb|||on|||||\u00bb header_3_font=\u00bb|700|||||||\u00bb global_colors_info=\u00bb{}\u00bb]<\/p>\n<p>H\u00e9roes Verdes<\/p>\n<h3>La serie<\/h3>\n<p>[\/et_pb_text][et_pb_divider color=\u00bb#63d528&#8243; divider_weight=\u00bb2px\u00bb _builder_version=\u00bb4.25.2&#8243; _module_preset=\u00bbdefault\u00bb width=\u00bb20%\u00bb custom_margin=\u00bb-3vh||||false|false\u00bb global_colors_info=\u00bb{}\u00bb][\/et_pb_divider][\/et_pb_column][\/et_pb_row][et_pb_row column_structure=\u00bb3_5,2_5&#8243; use_custom_gutter=\u00bbon\u00bb gutter_width=\u00bb2&#8243; _builder_version=\u00bb4.25.2&#8243; _module_preset=\u00bbdefault\u00bb global_colors_info=\u00bb{}\u00bb][et_pb_column type=\u00bb3_5&#8243; _builder_version=\u00bb4.25.2&#8243; _module_preset=\u00bbdefault\u00bb custom_padding=\u00bb|2vw|||false|false\u00bb border_width_right=\u00bb2px\u00bb border_color_right=\u00bb#8c8c8c\u00bb global_colors_info=\u00bb{}\u00bb][et_pb_text _builder_version=\u00bb4.25.2&#8243; _module_preset=\u00bbdefault\u00bb text_orientation=\u00bbjustified\u00bb global_colors_info=\u00bb{}\u00bb]<\/p>\n<p>H\u00e9roes Verdes es una serie de documentales sobre mexicanos\/as con trayectorias excepcionales en la defensa y preservaci\u00f3n del medio ambiente.<\/p>\n<p>Recorrimos el pa\u00eds en busca de las mejores ideas para hacer frente a los desaf\u00edos ambientales. Seleccionamos los proyectos con mayor incidencia en sus comunidades y contamos la historia detr\u00e1s de las personas que los llevaron a cabo.<\/p>\n<p>Queremos tejer una red de esfuerzos ambientales de alto impacto, para que la poblaci\u00f3n los reconozca, participe y tenga referentes de lo que se puede lograr con acciones directas.<\/p>\n<p>Nuestro objetivo es crear conciencia de los grandes retos a los que nos enfrentamos, a la vez que reconocemos las alternativas que ya existen para encararlos.<\/p>\n<p>[\/et_pb_text][\/et_pb_column][et_pb_column type=\u00bb2_5&#8243; _builder_version=\u00bb4.25.2&#8243; _module_preset=\u00bbdefault\u00bb global_colors_info=\u00bb{}\u00bb][et_pb_text _builder_version=\u00bb4.25.2&#8243; _module_preset=\u00bbdefault\u00bb text_text_color=\u00bb#000000&#8243; text_font_size=\u00bb25px\u00bb text_orientation=\u00bbjustified\u00bb hover_enabled=\u00bb0&#8243; global_colors_info=\u00bb{}\u00bb text_line_height=\u00bb1.5em\u00bb sticky_enabled=\u00bb0&#8243;]<\/p>\n<p>Queremos dejar constancia que ante la emergencia clim\u00e1tica, M\u00e9xico es un semillero de ideas, esfuerzos e inspiraci\u00f3n para la defensa de la vida en la Tierra.<\/p>\n<p>[\/et_pb_text][\/et_pb_column][\/et_pb_row][\/et_pb_section][et_pb_section fb_built=\u00bb1&#8243; _builder_version=\u00bb4.25.2&#8243; _module_preset=\u00bbdefault\u00bb background_color=\u00bb#000000&#8243; global_colors_info=\u00bb{}\u00bb][et_pb_row _builder_version=\u00bb4.25.2&#8243; _module_preset=\u00bbdefault\u00bb hover_enabled=\u00bb0&#8243; global_colors_info=\u00bb{}\u00bb width=\u00bb100%\u00bb max_width=\u00bb90%\u00bb sticky_enabled=\u00bb0&#8243;][et_pb_column type=\u00bb4_4&#8243; _builder_version=\u00bb4.25.2&#8243; _module_preset=\u00bbdefault\u00bb global_colors_info=\u00bb{}\u00bb][dsm_masonry_gallery gallery_ids=\u00bb207,208,209,210,211,212,213,214,215&#8243; gutter=\u00bb15&#8243; use_lightbox=\u00bbon\u00bb lightbox_title=\u00bboff\u00bb _builder_version=\u00bb4.25.2&#8243; _module_preset=\u00bbdefault\u00bb hover_enabled=\u00bb0&#8243; global_colors_info=\u00bb{}\u00bb sticky_enabled=\u00bb0&#8243;][\/dsm_masonry_gallery][\/et_pb_column][\/et_pb_row][\/et_pb_section]<\/p>\n","protected":false},"excerpt":{"rendered":"<p><div class=\"et_pb_module dsm_image_carousel dsm_image_carousel_0 dsm_image_carousel_arrow_inside dsm_image_carousel_arrow_mobile_inside \">\n\t\t\t\t\n\t\t\t\t\n\t\t\t\t\n\t\t\t\t\n\t\t\t\t\n\t\t\t\t\n\t\t\t\t<div class=\"et_pb_module_inner\">\n\t\t\t\t\t<div class=\"swiper-container dsm_image_carousel_container  dsm_image_carousel_carousel\" dir=\"ltr\"data-effect=\"default\"\n\t\t\tdata-slider-effect-shadows=\"false\"\n\t\t\tdata-slider-effect-coverflow-rotate=\"30\"\n\t\t\tdata-slider-effect-coverflow-depth=\"0\"\n\t\t\tdata-loop=\"true\"\n\t\t\tdata-slide-to-show=\"1\"\n\t\t\tdata-slide-to-show-tablet=\"1\"\n\t\t\tdata-slide-to-show-phone=\"1\"\n\t\t\tdata-slide-to-scroll=\"1\"\n\t\t\tdata-slide-to-scroll-tablet=\"1\"\n\t\t\tdata-slide-to-scroll-phone=\"1\"\n\t\t\tdata-space-between=\"15\"\n\t\t\tdata-space-between-tablet=\"15\"\n\t\t\tdata-space-between-phone=\"15\"\n\t\t\tdata-slide-row=\"1\"\n\t\t\tdata-centered-slides=\"false\"\n\t\t\tdata-speed=\"300\"\n\t\t\tdata-autoplay=\"true\"\n\t\t\tdata-autoplay-speed=\"3000\"\n\t\t\tdata-touch-move=\"true\"\n\t\t\tdata-grab=\"true\"\n\t\t\tdata-pause-on-hover=\"false\"\n\t\t\tdata-show-lightbox=\"false\"\n\t\t\tdata-lightbox-gallery=\"false\"\n\t\t\tdata-lightbox-caption=\"false\"\n\t\t\tdata-infinite-scrolling=\"false\"\n\t\t\tdata-slide-row-tablet=\"1\"\n\t\t\tdata-slide-row-phone=\"1\"\n\t\t\tdata-autoplay-viewport=80%\n\t\t\tdata-mousewheel=\"false\"\n\t\t\tdata-lazyload=\"false\"\n\t\t\tdata-type=\"carousel\"\n\t\t\tdata-slideshow-effect=\"default\"\n\t\t\tdata-slideshow-to-show=\"4\"\n\t\t\tdata-slideshow-to-show-tablet=\"4\"\n\t\t\tdata-slideshow-to-show-phone=\"\"\n\t\t\tdata-slider-orientation=\"horizontal\"\n\t\t\t><div class=\"swiper-wrapper\"><div class=\"swiper-slide dsm_image_carousel_item\"><img loading=\"lazy\" decoding=\"async\" src=\"https:\/\/heroesverdes.org\/wp-content\/uploads\/2024\/06\/gal01.jpg\" alt=\"\" title=\"gal01\" width=\"1298\" height=\"816\" data-dsm-image-description=\"\" class=\" skip-lazy\" \/><\/div><div class=\"swiper-slide dsm_image_carousel_item\"><img loading=\"lazy\" decoding=\"async\" src=\"https:\/\/heroesverdes.org\/wp-content\/uploads\/2024\/06\/gal02.jpg\" alt=\"\" title=\"gal02\" width=\"1298\" height=\"816\" data-dsm-image-description=\"\" class=\" skip-lazy\" \/><\/div><div class=\"swiper-slide dsm_image_carousel_item\"><img loading=\"lazy\" decoding=\"async\" src=\"https:\/\/heroesverdes.org\/wp-content\/uploads\/2024\/06\/gal03.jpg\" alt=\"\" title=\"gal03\" width=\"1298\" height=\"816\" data-dsm-image-description=\"\" class=\" skip-lazy\" \/><\/div><div class=\"swiper-slide dsm_image_carousel_item\"><img loading=\"lazy\" decoding=\"async\" src=\"https:\/\/heroesverdes.org\/wp-content\/uploads\/2024\/06\/gal04.jpg\" alt=\"\" title=\"gal04\" width=\"1298\" height=\"816\" data-dsm-image-description=\"\" class=\" skip-lazy\" \/><\/div><div class=\"swiper-slide dsm_image_carousel_item\"><img loading=\"lazy\" decoding=\"async\" src=\"https:\/\/heroesverdes.org\/wp-content\/uploads\/2024\/06\/gal05.jpg\" alt=\"\" title=\"gal05\" width=\"1298\" height=\"816\" data-dsm-image-description=\"\" class=\" skip-lazy\" \/><\/div><div class=\"swiper-slide dsm_image_carousel_item\"><img loading=\"lazy\" decoding=\"async\" src=\"https:\/\/heroesverdes.org\/wp-content\/uploads\/2024\/06\/gal06.jpg\" alt=\"\" title=\"gal06\" width=\"1298\" height=\"816\" data-dsm-image-description=\"\" class=\" skip-lazy\" \/><\/div><div class=\"swiper-slide dsm_image_carousel_item\"><img loading=\"lazy\" decoding=\"async\" src=\"https:\/\/heroesverdes.org\/wp-content\/uploads\/2024\/06\/gal07.jpg\" alt=\"\" title=\"gal07\" width=\"1298\" height=\"816\" data-dsm-image-description=\"\" class=\" skip-lazy\" \/><\/div><div class=\"swiper-slide dsm_image_carousel_item\"><img loading=\"lazy\" decoding=\"async\" src=\"https:\/\/heroesverdes.org\/wp-content\/uploads\/2024\/06\/gal08.jpg\" alt=\"\" title=\"gal08\" width=\"1298\" height=\"816\" data-dsm-image-description=\"\" class=\" skip-lazy\" \/><\/div><div class=\"swiper-slide dsm_image_carousel_item\"><img loading=\"lazy\" decoding=\"async\" src=\"https:\/\/heroesverdes.org\/wp-content\/uploads\/2024\/06\/gal09.jpg\" alt=\"\" title=\"gal09\" width=\"1298\" height=\"816\" data-dsm-image-description=\"\" class=\" skip-lazy\" \/><\/div><div class=\"swiper-slide dsm_image_carousel_item\"><img loading=\"lazy\" decoding=\"async\" src=\"https:\/\/heroesverdes.org\/wp-content\/uploads\/2024\/06\/gal10.jpg\" alt=\"\" title=\"gal10\" width=\"1298\" height=\"816\" data-dsm-image-description=\"\" class=\" skip-lazy\" \/><\/div><div class=\"swiper-slide dsm_image_carousel_item\"><img loading=\"lazy\" decoding=\"async\" src=\"https:\/\/heroesverdes.org\/wp-content\/uploads\/2024\/06\/gal11.jpg\" alt=\"\" title=\"gal11\" width=\"1298\" height=\"816\" data-dsm-image-description=\"\" class=\" skip-lazy\" \/><\/div><div class=\"swiper-slide dsm_image_carousel_item\"><img loading=\"lazy\" decoding=\"async\" src=\"https:\/\/heroesverdes.org\/wp-content\/uploads\/2024\/06\/gal12.jpg\" alt=\"\" title=\"gal12\" width=\"1298\" height=\"816\" data-dsm-image-description=\"\" class=\" skip-lazy\" \/><\/div><div class=\"swiper-slide dsm_image_carousel_item\"><img loading=\"lazy\" decoding=\"async\" src=\"https:\/\/heroesverdes.org\/wp-content\/uploads\/2024\/06\/gal13.jpg\" alt=\"\" title=\"gal13\" width=\"1298\" height=\"816\" data-dsm-image-description=\"\" class=\" skip-lazy\" \/><\/div><div class=\"swiper-slide dsm_image_carousel_item\"><img loading=\"lazy\" decoding=\"async\" src=\"https:\/\/heroesverdes.org\/wp-content\/uploads\/2024\/06\/gal14.jpg\" alt=\"\" title=\"gal14\" width=\"1298\" height=\"816\" data-dsm-image-description=\"\" class=\" skip-lazy\" \/><\/div><div class=\"swiper-slide dsm_image_carousel_item\"><img loading=\"lazy\" decoding=\"async\" src=\"https:\/\/heroesverdes.org\/wp-content\/uploads\/2024\/06\/gal15.jpg\" alt=\"\" title=\"gal15\" width=\"1298\" height=\"816\" data-dsm-image-description=\"\" class=\" skip-lazy\" \/><\/div><\/div><\/div><div class=\"swiper-button-prev swiper-arrow-button\" data-icon=\"4\"><\/div><div class=\"swiper-button-next swiper-arrow-button\" data-icon=\"5\"><\/div>\n\t\t\t\t<\/div>\n\t\t\t<\/div>H\u00e9roes Verdes La serieH\u00e9roes Verdes es una serie de documentales sobre mexicanos\/as con trayectorias excepcionales en la defensa y preservaci\u00f3n del medio ambiente. Recorrimos el pa\u00eds en busca de las mejores ideas para hacer frente a los desaf\u00edos ambientales. Seleccionamos los proyectos con mayor incidencia en sus comunidades y contamos la historia detr\u00e1s de las personas que los llevaron a cabo. Queremos tejer una red de esfuerzos ambientales de alto impacto, para que la poblaci\u00f3n los reconozca, participe y tenga referentes de lo que se puede lograr con acciones directas. Nuestro objetivo es crear conciencia de los grandes retos a los que nos enfrentamos, a la vez que reconocemos las alternativas que ya existen para encararlos.Queremos dejar constancia que ante la emergencia clim\u00e1tica, M\u00e9xico es un semillero de ideas, esfuerzos e inspiraci\u00f3n para la defensa de la vida en la Tierra.<div class=\"et_pb_module dsm_masonry_gallery dsm_masonry_gallery_0\">\n\t\t\t\t\n\t\t\t\t\n\t\t\t\t\n\t\t\t\t\n\t\t\t\t\n\t\t\t\t\n\t\t\t\t<div class=\"et_pb_module_inner\">\n\t\t\t\t\t<div class=\"dsm-gallery grid\" data-lightbox=\"true\" data-horizontalorder=\"true\">\n                <div class=\"grid-sizer\"><\/div><div class=\"gutter-sizer\"><\/div><div class=\"grid-item\">\n                    <a href=\"https:\/\/heroesverdes.org\/wp-content\/uploads\/2024\/06\/gal16.jpg\"   data-caption='' data-mfp-src=\"https:\/\/heroesverdes.org\/wp-content\/uploads\/2024\/06\/gal16.jpg\">\n                        <div class=\"et_pb_image_wrap\">\n                            <img loading=\"lazy\" decoding=\"async\" src=\"https:\/\/heroesverdes.org\/wp-content\/uploads\/2024\/06\/gal16.jpg\" title=\"gal16\" alt=\"\" class=\"dsm-skip-lazyload\" srcset=\"https:\/\/heroesverdes.org\/wp-content\/uploads\/2024\/06\/gal16.jpg 546w, https:\/\/heroesverdes.org\/wp-content\/uploads\/2024\/06\/gal16-300x168.jpg 300w, https:\/\/heroesverdes.org\/wp-content\/uploads\/2024\/06\/gal16-480x268.jpg 480w\" sizes=\"(max-width: 546px) 100vw, 546px\" width=\"546\" height=\"305\" \/>\n                            \n                        <\/div>\n                    <\/a>\n                <\/div><div class=\"grid-item\">\n                    <a href=\"https:\/\/heroesverdes.org\/wp-content\/uploads\/2024\/06\/gal17.jpg\"   data-caption='' data-mfp-src=\"https:\/\/heroesverdes.org\/wp-content\/uploads\/2024\/06\/gal17.jpg\">\n                        <div class=\"et_pb_image_wrap\">\n                            <img loading=\"lazy\" decoding=\"async\" src=\"https:\/\/heroesverdes.org\/wp-content\/uploads\/2024\/06\/gal17.jpg\" title=\"gal17\" alt=\"\" class=\"dsm-skip-lazyload\" srcset=\"https:\/\/heroesverdes.org\/wp-content\/uploads\/2024\/06\/gal17.jpg 546w, https:\/\/heroesverdes.org\/wp-content\/uploads\/2024\/06\/gal17-300x168.jpg 300w, https:\/\/heroesverdes.org\/wp-content\/uploads\/2024\/06\/gal17-480x268.jpg 480w\" sizes=\"(max-width: 546px) 100vw, 546px\" width=\"546\" height=\"305\" \/>\n                            \n                        <\/div>\n                    <\/a>\n                <\/div><div class=\"grid-item\">\n                    <a href=\"https:\/\/heroesverdes.org\/wp-content\/uploads\/2024\/06\/gal18.jpg\"   data-caption='' data-mfp-src=\"https:\/\/heroesverdes.org\/wp-content\/uploads\/2024\/06\/gal18.jpg\">\n                        <div class=\"et_pb_image_wrap\">\n                            <img loading=\"lazy\" decoding=\"async\" src=\"https:\/\/heroesverdes.org\/wp-content\/uploads\/2024\/06\/gal18.jpg\" title=\"gal18\" alt=\"\" class=\"dsm-skip-lazyload\" srcset=\"https:\/\/heroesverdes.org\/wp-content\/uploads\/2024\/06\/gal18.jpg 546w, https:\/\/heroesverdes.org\/wp-content\/uploads\/2024\/06\/gal18-300x168.jpg 300w, https:\/\/heroesverdes.org\/wp-content\/uploads\/2024\/06\/gal18-480x268.jpg 480w\" sizes=\"(max-width: 546px) 100vw, 546px\" width=\"546\" height=\"305\" \/>\n                            \n                        <\/div>\n                    <\/a>\n                <\/div><div class=\"grid-item\">\n                    <a href=\"https:\/\/heroesverdes.org\/wp-content\/uploads\/2024\/06\/gal19.jpg\"   data-caption='' data-mfp-src=\"https:\/\/heroesverdes.org\/wp-content\/uploads\/2024\/06\/gal19.jpg\">\n                        <div class=\"et_pb_image_wrap\">\n                            <img loading=\"lazy\" decoding=\"async\" src=\"https:\/\/heroesverdes.org\/wp-content\/uploads\/2024\/06\/gal19.jpg\" title=\"gal19\" alt=\"\" class=\"dsm-skip-lazyload\" srcset=\"https:\/\/heroesverdes.org\/wp-content\/uploads\/2024\/06\/gal19.jpg 546w, https:\/\/heroesverdes.org\/wp-content\/uploads\/2024\/06\/gal19-300x168.jpg 300w, https:\/\/heroesverdes.org\/wp-content\/uploads\/2024\/06\/gal19-480x268.jpg 480w\" sizes=\"(max-width: 546px) 100vw, 546px\" width=\"546\" height=\"305\" \/>\n                            \n                        <\/div>\n                    <\/a>\n                <\/div><div class=\"grid-item\">\n                    <a href=\"https:\/\/heroesverdes.org\/wp-content\/uploads\/2024\/06\/gal20.jpg\"   data-caption='' data-mfp-src=\"https:\/\/heroesverdes.org\/wp-content\/uploads\/2024\/06\/gal20.jpg\">\n                        <div class=\"et_pb_image_wrap\">\n                            <img loading=\"lazy\" decoding=\"async\" src=\"https:\/\/heroesverdes.org\/wp-content\/uploads\/2024\/06\/gal20.jpg\" title=\"gal20\" alt=\"\" class=\"dsm-skip-lazyload\" srcset=\"https:\/\/heroesverdes.org\/wp-content\/uploads\/2024\/06\/gal20.jpg 546w, https:\/\/heroesverdes.org\/wp-content\/uploads\/2024\/06\/gal20-300x168.jpg 300w, https:\/\/heroesverdes.org\/wp-content\/uploads\/2024\/06\/gal20-480x268.jpg 480w\" sizes=\"(max-width: 546px) 100vw, 546px\" width=\"546\" height=\"305\" \/>\n                            \n                        <\/div>\n                    <\/a>\n                <\/div><div class=\"grid-item\">\n                    <a href=\"https:\/\/heroesverdes.org\/wp-content\/uploads\/2024\/06\/gal21.jpg\"   data-caption='' data-mfp-src=\"https:\/\/heroesverdes.org\/wp-content\/uploads\/2024\/06\/gal21.jpg\">\n                        <div class=\"et_pb_image_wrap\">\n                            <img loading=\"lazy\" decoding=\"async\" src=\"https:\/\/heroesverdes.org\/wp-content\/uploads\/2024\/06\/gal21.jpg\" title=\"gal21\" alt=\"\" class=\"dsm-skip-lazyload\" srcset=\"https:\/\/heroesverdes.org\/wp-content\/uploads\/2024\/06\/gal21.jpg 546w, https:\/\/heroesverdes.org\/wp-content\/uploads\/2024\/06\/gal21-300x168.jpg 300w, https:\/\/heroesverdes.org\/wp-content\/uploads\/2024\/06\/gal21-480x268.jpg 480w\" sizes=\"(max-width: 546px) 100vw, 546px\" width=\"546\" height=\"305\" \/>\n                            \n                        <\/div>\n                    <\/a>\n                <\/div><div class=\"grid-item\">\n                    <a href=\"https:\/\/heroesverdes.org\/wp-content\/uploads\/2024\/06\/gal22.jpg\"   data-caption='' data-mfp-src=\"https:\/\/heroesverdes.org\/wp-content\/uploads\/2024\/06\/gal22.jpg\">\n                        <div class=\"et_pb_image_wrap\">\n                            <img loading=\"lazy\" decoding=\"async\" src=\"https:\/\/heroesverdes.org\/wp-content\/uploads\/2024\/06\/gal22.jpg\" title=\"gal22\" alt=\"\" class=\"dsm-skip-lazyload\" srcset=\"https:\/\/heroesverdes.org\/wp-content\/uploads\/2024\/06\/gal22.jpg 546w, https:\/\/heroesverdes.org\/wp-content\/uploads\/2024\/06\/gal22-300x168.jpg 300w, https:\/\/heroesverdes.org\/wp-content\/uploads\/2024\/06\/gal22-480x268.jpg 480w\" sizes=\"(max-width: 546px) 100vw, 546px\" width=\"546\" height=\"305\" \/>\n                            \n                        <\/div>\n                    <\/a>\n                <\/div><div class=\"grid-item\">\n                    <a href=\"https:\/\/heroesverdes.org\/wp-content\/uploads\/2024\/06\/gal23.jpg\"   data-caption='' data-mfp-src=\"https:\/\/heroesverdes.org\/wp-content\/uploads\/2024\/06\/gal23.jpg\">\n                        <div class=\"et_pb_image_wrap\">\n                            <img loading=\"lazy\" decoding=\"async\" src=\"https:\/\/heroesverdes.org\/wp-content\/uploads\/2024\/06\/gal23.jpg\" title=\"gal23\" alt=\"\" class=\"dsm-skip-lazyload\" srcset=\"https:\/\/heroesverdes.org\/wp-content\/uploads\/2024\/06\/gal23.jpg 546w, https:\/\/heroesverdes.org\/wp-content\/uploads\/2024\/06\/gal23-300x168.jpg 300w, https:\/\/heroesverdes.org\/wp-content\/uploads\/2024\/06\/gal23-480x268.jpg 480w\" sizes=\"(max-width: 546px) 100vw, 546px\" width=\"546\" height=\"305\" \/>\n                            \n                        <\/div>\n                    <\/a>\n                <\/div><div class=\"grid-item\">\n                    <a href=\"https:\/\/heroesverdes.org\/wp-content\/uploads\/2024\/06\/gal24.jpg\"   data-caption='' data-mfp-src=\"https:\/\/heroesverdes.org\/wp-content\/uploads\/2024\/06\/gal24.jpg\">\n                        <div class=\"et_pb_image_wrap\">\n                            <img loading=\"lazy\" decoding=\"async\" src=\"https:\/\/heroesverdes.org\/wp-content\/uploads\/2024\/06\/gal24.jpg\" title=\"gal24\" alt=\"\" class=\"dsm-skip-lazyload\" srcset=\"https:\/\/heroesverdes.org\/wp-content\/uploads\/2024\/06\/gal24.jpg 546w, https:\/\/heroesverdes.org\/wp-content\/uploads\/2024\/06\/gal24-300x168.jpg 300w, https:\/\/heroesverdes.org\/wp-content\/uploads\/2024\/06\/gal24-480x268.jpg 480w\" sizes=\"(max-width: 546px) 100vw, 546px\" width=\"546\" height=\"305\" \/>\n                            \n                        <\/div>\n                    <\/a>\n                <\/div>\n             <\/div>\n\t\t\t\t<\/div>\n\t\t\t<\/div><\/p>\n","protected":false},"author":1,"featured_media":0,"parent":0,"menu_order":0,"comment_status":"closed","ping_status":"closed","template":"","meta":{"_et_pb_use_builder":"on","_et_pb_old_content":"<!-- wp:divi\/placeholder \/-->","_et_gb_content_width":"","footnotes":"","_links_to":"","_links_to_target":""},"_links":{"self":[{"href":"https:\/\/heroesverdes.org\/es\/wp-json\/wp\/v2\/pages\/25"}],"collection":[{"href":"https:\/\/heroesverdes.org\/es\/wp-json\/wp\/v2\/pages"}],"about":[{"href":"https:\/\/heroesverdes.org\/es\/wp-json\/wp\/v2\/types\/page"}],"author":[{"embeddable":true,"href":"https:\/\/heroesverdes.org\/es\/wp-json\/wp\/v2\/users\/1"}],"replies":[{"embeddable":true,"href":"https:\/\/heroesverdes.org\/es\/wp-json\/wp\/v2\/comments?post=25"}],"version-history":[{"count":11,"href":"https:\/\/heroesverdes.org\/es\/wp-json\/wp\/v2\/pages\/25\/revisions"}],"predecessor-version":[{"id":218,"href":"https:\/\/heroesverdes.org\/es\/wp-json\/wp\/v2\/pages\/25\/revisions\/218"}],"wp:attachment":[{"href":"https:\/\/heroesverdes.org\/es\/wp-json\/wp\/v2\/media?parent=25"}],"curies":[{"name":"wp","href":"https:\/\/api.w.org\/{rel}","templated":true}]}}