{"id":287,"date":"2024-06-25T22:23:42","date_gmt":"2024-06-26T04:23:42","guid":{"rendered":"https:\/\/heroesverdes.mx\/?page_id=287"},"modified":"2024-09-19T17:39:25","modified_gmt":"2024-09-19T23:39:25","slug":"conoce-a-los-heroes-del-bosque","status":"publish","type":"page","link":"https:\/\/heroesverdes.org\/es\/conoce-a-los-heroes-del-bosque\/","title":{"rendered":"Conoce a los h\u00e9roes del bosque"},"content":{"rendered":"<p>[et_pb_section fb_built=\u00bb1&#8243; _builder_version=\u00bb4.25.2&#8243; _module_preset=\u00bbdefault\u00bb background_image=\u00bbhttps:\/\/heroesverdes.mx\/wp-content\/uploads\/2024\/06\/banner-conoce-heroes.jpg\u00bb custom_padding=\u00bb15vh||15vh||true|false\u00bb global_colors_info=\u00bb{}\u00bb][et_pb_row _builder_version=\u00bb4.25.2&#8243; _module_preset=\u00bbdefault\u00bb global_colors_info=\u00bb{}\u00bb][et_pb_column type=\u00bb4_4&#8243; _builder_version=\u00bb4.25.2&#8243; _module_preset=\u00bbdefault\u00bb global_colors_info=\u00bb{}\u00bb][et_pb_text _builder_version=\u00bb4.25.2&#8243; _module_preset=\u00bbdefault\u00bb header_2_text_color=\u00bb#78ff31&#8243; header_2_font_size=\u00bb70px\u00bb global_colors_info=\u00bb{}\u00bb]<\/p>\n<h2>Conoce<br \/>a los<br \/>H\u00e9roes<\/h2>\n<p>[\/et_pb_text][\/et_pb_column][\/et_pb_row][\/et_pb_section][et_pb_section fb_built=\u00bb1&#8243; _builder_version=\u00bb4.25.2&#8243; _module_preset=\u00bbdefault\u00bb global_colors_info=\u00bb{}\u00bb][et_pb_row column_structure=\u00bb1_2,1_2&#8243; use_custom_gutter=\u00bbon\u00bb gutter_width=\u00bb2&#8243; _builder_version=\u00bb4.25.2&#8243; _module_preset=\u00bbdefault\u00bb global_colors_info=\u00bb{}\u00bb][et_pb_column type=\u00bb1_2&#8243; _builder_version=\u00bb4.25.2&#8243; _module_preset=\u00bbdefault\u00bb global_colors_info=\u00bb{}\u00bb][et_pb_image src=\u00bbhttps:\/\/heroesverdes.mx\/wp-content\/uploads\/2024\/06\/regina-narradora.png\u00bb title_text=\u00bbregina-narradora\u00bb _builder_version=\u00bb4.25.2&#8243; _module_preset=\u00bbdefault\u00bb global_colors_info=\u00bb{}\u00bb][\/et_pb_image][\/et_pb_column][et_pb_column type=\u00bb1_2&#8243; _builder_version=\u00bb4.25.2&#8243; _module_preset=\u00bbdefault\u00bb custom_padding=\u00bb8vh|2vw|||false|false\u00bb global_colors_info=\u00bb{}\u00bb][et_pb_text _builder_version=\u00bb4.25.2&#8243; _module_preset=\u00bbdefault\u00bb text_font=\u00bb|||on|||||\u00bb header_3_font=\u00bb|700|||||||\u00bb header_3_font_size=\u00bb30px\u00bb global_colors_info=\u00bb{}\u00bb]<\/p>\n<h3>Regina Bland\u00f3n<\/h3>\n<p>Narradora<\/p>\n<p>[\/et_pb_text][et_pb_divider color=\u00bb#63d528&#8243; divider_weight=\u00bb2px\u00bb _builder_version=\u00bb4.25.2&#8243; _module_preset=\u00bbdefault\u00bb width=\u00bb40%\u00bb global_colors_info=\u00bb{}\u00bb][\/et_pb_divider][et_pb_text _builder_version=\u00bb4.25.2&#8243; _module_preset=\u00bbdefault\u00bb text_orientation=\u00bbjustified\u00bb global_colors_info=\u00bb{}\u00bb]<\/p>\n<ul>\n<li><span>Actriz mexicana comprometida con el medio ambiente.<\/span><\/li>\n<li><span>M\u00e1s de 4 millones de seguidores en redes sociales.<\/span><\/li>\n<li><span>Conocida por la serie de TV La familia P. Luche.<\/span><\/li>\n<\/ul>\n<p><span>Ha actuado en series y filmes, como Cindy la regia, Invitaci\u00f3n a un asesinato y Con los a\u00f1os que me quedan.<\/span><\/p>\n<p>[\/et_pb_text][\/et_pb_column][\/et_pb_row][\/et_pb_section][et_pb_section fb_built=\u00bb1&#8243; _builder_version=\u00bb4.25.2&#8243; _module_preset=\u00bbdefault\u00bb background_color=\u00bb#000000&#8243; global_colors_info=\u00bb{}\u00bb][et_pb_row module_id=\u00bbbosque\u00bb _builder_version=\u00bb4.25.2&#8243; _module_preset=\u00bbdefault\u00bb global_colors_info=\u00bb{}\u00bb][et_pb_column type=\u00bb4_4&#8243; _builder_version=\u00bb4.25.2&#8243; _module_preset=\u00bbdefault\u00bb global_colors_info=\u00bb{}\u00bb][et_pb_text _builder_version=\u00bb4.25.2&#8243; _module_preset=\u00bbdefault\u00bb header_2_font=\u00bb|700|||||||\u00bb header_2_text_align=\u00bbcenter\u00bb header_2_text_color=\u00bb#FFFFFF\u00bb header_2_font_size=\u00bb35px\u00bb global_colors_info=\u00bb{}\u00bb]<\/p>\n<h2>Nuestros H\u00e9roes<\/h2>\n<p>[\/et_pb_text][\/et_pb_column][\/et_pb_row][et_pb_row _builder_version=\u00bb4.25.2&#8243; _module_preset=\u00bbdefault\u00bb global_colors_info=\u00bb{}\u00bb][et_pb_column type=\u00bb4_4&#8243; _builder_version=\u00bb4.25.2&#8243; _module_preset=\u00bbdefault\u00bb global_colors_info=\u00bb{}\u00bb][et_pb_menu menu_id=\u00bb10&#8243; mobile_menu_bg_color=\u00bb#000000&#8243; module_class=\u00bbpa-underline-color-swipe2 pa-active-menu-item\u00bb _builder_version=\u00bb4.25.2&#8243; _module_preset=\u00bbdefault\u00bb menu_font=\u00bb|700|||||||\u00bb menu_text_color=\u00bb#78ff31&#8243; menu_font_size=\u00bb16px\u00bb background_enable_color=\u00bboff\u00bb text_orientation=\u00bbcenter\u00bb global_colors_info=\u00bb{}\u00bb][\/et_pb_menu][\/et_pb_column][\/et_pb_row][et_pb_row _builder_version=\u00bb4.25.2&#8243; _module_preset=\u00bbdefault\u00bb global_colors_info=\u00bb{}\u00bb][et_pb_column type=\u00bb4_4&#8243; _builder_version=\u00bb4.25.2&#8243; _module_preset=\u00bbdefault\u00bb global_colors_info=\u00bb{}\u00bb][dipl_image_accordion content_alignment=\u00bbbottom_left\u00bb inactive_state=\u00bbon|off\u00bb disabled_on=\u00bbon|on|off\u00bb _builder_version=\u00bb4.25.2&#8243; _module_preset=\u00bbdefault\u00bb title_text_color=\u00bb#FFFFFF\u00bb title_font_size=\u00bb30px\u00bb desc_text_text_align=\u00bbjustify\u00bb desc_text_text_color=\u00bb#FFFFFF\u00bb custom_button=\u00bbon\u00bb button_text_size=\u00bb14px\u00bb button_text_color=\u00bb#78ff31&#8243; button_bg_color=\u00bbrgba(0,0,0,0)\u00bb button_border_width=\u00bb1px\u00bb button_border_color=\u00bb#FFFFFF\u00bb button_alignment=\u00bbleft\u00bb height=\u00bb550px\u00bb global_colors_info=\u00bb{}\u00bb][dipl_image_accordion_item title=\u00bbEnrique Jardel\u00bb show_button=\u00bbon\u00bb button_text=\u00bbPara saber m\u00e1s entra aqu\u00ed\u00bb button_url=\u00bbhttp:\/\/www.cucsur.udg.mx\/?q=enrique_jos_jardel_pel_ez\u00bb button_url_new_window=\u00bbon\u00bb accordion_bg_image=\u00bbhttps:\/\/heroesverdes.mx\/wp-content\/uploads\/2024\/06\/enrique-jardel-color.jpg\u00bb active_accordion_bg_image=\u00bbhttps:\/\/heroesverdes.mx\/wp-content\/uploads\/2024\/06\/enrique-jardel-bn.jpg\u00bb _builder_version=\u00bb4.25.2&#8243; _module_preset=\u00bbdefault\u00bb global_colors_info=\u00bb{}\u00bb]<\/p>\n<p><span style=\"color: #78ff31;\">\u201cEl lumbrero del bosque\u201d<\/span><\/p>\n<p>Enrique Jardel forma parte de los llamados \u201clumbreros\u201d, un equipo de investigadores que combaten los incendios forestales mediante quemas controladas de bosque. Sus estudios han contribuido a comprender los incendios forestales. Adem\u00e1s de ser miembro de organizaciones civiles y cuerpos consultivos, form\u00f3 parte del equipo fundador de la Reserva de la Bi\u00f3sfera de Manantl\u00e1n (Jalisco), donde ha mostrado que combatir fuego contra fuego es posible y necesario.<\/p>\n<p><img loading=\"lazy\" decoding=\"async\" src=\"https:\/\/heroesverdes.mx\/wp-content\/uploads\/2024\/06\/reserva-bio.png\" width=\"130\" height=\"128\" alt=\"\" class=\"wp-image-341 alignnone size-full\" \/><\/p>\n<p>[\/dipl_image_accordion_item][dipl_image_accordion_item title=\u00bbJos\u00e9 Carlos Mart\u00ednez\u00bb show_button=\u00bbon\u00bb button_text=\u00bbPara saber m\u00e1s entra aqu\u00ed\u00bb button_url=\u00bbhttp:\/\/www.reforestamosmexico.org\u00bb button_url_new_window=\u00bbon\u00bb accordion_bg_image=\u00bbhttps:\/\/heroesverdes.mx\/wp-content\/uploads\/2024\/06\/jose-carlos-color.jpg\u00bb active_accordion_bg_image=\u00bbhttps:\/\/heroesverdes.mx\/wp-content\/uploads\/2024\/06\/jose-carlos-bn.jpg\u00bb _builder_version=\u00bb4.25.2&#8243; _module_preset=\u00bbdefault\u00bb global_colors_info=\u00bb{}\u00bb]<\/p>\n<p><span style=\"color: #78ff31;\">\u201cEl emprendedor forestal\u201d<\/span><\/p>\n<p>Jos\u00e9 Carlos Mart\u00ednez es ingeniero forestal por la Universidad de Chapingo. Desde chico siempre so\u00f1\u00f3 con que hubiera m\u00e1s bosques. Ahora, es el Director de Innovaci\u00f3n en Reforestamos M\u00e9xico y contribuye a la formaci\u00f3n de empresas que tienen como objetivo la mejora de los bosques. Su historia es un vivo ejemplo de que se puede revolucionar la educaci\u00f3n forestal para que los emprendimientos y la conservaci\u00f3n no tengan que estar peleados.<br \/>Reforestamos ha trabajado con quinientas empresas y m\u00e1s de 2,000 emprendedores tanto en M\u00e9xico como en Am\u00e9rica Latina. La labor de Jos\u00e9 Carlos Mart\u00ednez ha sido fundamental para estos logros.<\/p>\n<p><img loading=\"lazy\" decoding=\"async\" src=\"https:\/\/heroesverdes.mx\/wp-content\/uploads\/2024\/06\/reforestamos.png\" width=\"149\" height=\"79\" alt=\"\" class=\"wp-image-340 alignnone size-full\" \/><\/p>\n<p>[\/dipl_image_accordion_item][dipl_image_accordion_item title=\u00bbElsa Esquivel\u00bb show_button=\u00bbon\u00bb button_text=\u00bbPara saber m\u00e1s entra aqu\u00ed\u00bb button_url=\u00bbhttps:\/\/ambio.org.mx\/\u00bb button_url_new_window=\u00bbon\u00bb accordion_bg_image=\u00bbhttps:\/\/heroesverdes.mx\/wp-content\/uploads\/2024\/06\/elsa-color.jpg\u00bb active_accordion_bg_image=\u00bbhttps:\/\/heroesverdes.mx\/wp-content\/uploads\/2024\/06\/elsa-bn.jpg\u00bb _builder_version=\u00bb4.25.2&#8243; _module_preset=\u00bbdefault\u00bb global_colors_info=\u00bb{}\u00bb]<\/p>\n<p><span style=\"color: #78ff31;\">\u201cLa asesora comunitaria\u201d<\/span><\/p>\n<p>Elsa es ingeniera en agroecolog\u00eda y especialista servicios ecosist\u00e9micos. Ella siempre ha tenido claro que se debe evitar a toda costa el abandono y p\u00e9rdida de los bosques. Por eso, desde la cooperativa AMBIO ha promovido el buen manejo de los recursos forestales a nivel comunitario en Chiapas y Oaxaca. De esta manera, busca fortalecer a grupos y comunidades rurales de M\u00e9xico. Fue pionera en dise\u00f1ar e implementar Scolel&#8217;te, el programa internacional con m\u00e1s tiempo dedicado a la venta de cr\u00e9ditos por servicios ambientales.<\/p>\n<p><img loading=\"lazy\" decoding=\"async\" src=\"https:\/\/heroesverdes.mx\/wp-content\/uploads\/2024\/06\/ambio.png\" width=\"150\" height=\"53\" alt=\"\" class=\"wp-image-333 alignnone size-full\" \/><\/p>\n<p>&nbsp;<\/p>\n<p>[\/dipl_image_accordion_item][\/dipl_image_accordion][dipl_image_accordion accordion_orientation=\u00bbvertical\u00bb content_alignment=\u00bbbottom_center\u00bb inactive_state=\u00bbon|off\u00bb disabled_on=\u00bboff|off|on\u00bb _builder_version=\u00bb4.25.2&#8243; _module_preset=\u00bbdefault\u00bb title_text_color=\u00bb#FFFFFF\u00bb title_font_size=\u00bb30px\u00bb desc_text_text_align=\u00bbjustify\u00bb desc_text_text_color=\u00bb#FFFFFF\u00bb custom_button=\u00bbon\u00bb button_text_size=\u00bb14px\u00bb button_text_color=\u00bb#78ff31&#8243; button_bg_color=\u00bbrgba(0,0,0,0)\u00bb button_border_width=\u00bb1px\u00bb button_border_color=\u00bb#FFFFFF\u00bb button_alignment=\u00bbleft\u00bb height=\u00bb1400px\u00bb hover_enabled=\u00bb0&#8243; global_colors_info=\u00bb{}\u00bb sticky_enabled=\u00bb0&#8243;][dipl_image_accordion_item title=\u00bbEnrique Jardel\u00bb show_button=\u00bbon\u00bb button_text=\u00bbPara saber m\u00e1s entra aqu\u00ed\u00bb button_url=\u00bbhttp:\/\/www.cucsur.udg.mx\/?q=enrique_jos_jardel_pel_ez\u00bb button_url_new_window=\u00bbon\u00bb accordion_bg_image=\u00bbhttps:\/\/heroesverdes.mx\/wp-content\/uploads\/2024\/06\/enrique-jardel-color.jpg\u00bb active_accordion_bg_image=\u00bbhttps:\/\/heroesverdes.mx\/wp-content\/uploads\/2024\/06\/enrique-jardel-bn.jpg\u00bb _builder_version=\u00bb4.25.2&#8243; _module_preset=\u00bbdefault\u00bb global_colors_info=\u00bb{}\u00bb]<\/p>\n<p><span style=\"color: #78ff31;\">\u201cEl lumbrero del bosque\u201d<\/span><\/p>\n<p>Enrique Jardel forma parte de los llamados \u201clumbreros\u201d, un equipo de investigadores que combaten los incendios forestales mediante quemas controladas de bosque. Sus estudios han contribuido a comprender los incendios forestales. Adem\u00e1s de ser miembro de organizaciones civiles y cuerpos consultivos, form\u00f3 parte del equipo fundador de la Reserva de la Bi\u00f3sfera de Manantl\u00e1n (Jalisco), donde ha mostrado que combatir fuego contra fuego es posible y necesario.<\/p>\n<p><img loading=\"lazy\" decoding=\"async\" src=\"https:\/\/heroesverdes.mx\/wp-content\/uploads\/2024\/06\/reserva-bio.png\" width=\"130\" height=\"128\" alt=\"\" class=\"wp-image-341 alignnone size-full\" \/><\/p>\n<p>[\/dipl_image_accordion_item][dipl_image_accordion_item title=\u00bbJos\u00e9 Carlos Mart\u00ednez\u00bb show_button=\u00bbon\u00bb button_text=\u00bbPara saber m\u00e1s entra aqu\u00ed\u00bb button_url=\u00bbhttp:\/\/www.reforestamosmexico.org\u00bb button_url_new_window=\u00bbon\u00bb accordion_bg_image=\u00bbhttps:\/\/heroesverdes.mx\/wp-content\/uploads\/2024\/06\/jose-carlos-color.jpg\u00bb active_accordion_bg_image=\u00bbhttps:\/\/heroesverdes.mx\/wp-content\/uploads\/2024\/06\/jose-carlos-bn.jpg\u00bb _builder_version=\u00bb4.25.2&#8243; _module_preset=\u00bbdefault\u00bb global_colors_info=\u00bb{}\u00bb]<\/p>\n<p><span style=\"color: #78ff31;\">\u201cEl emprendedor forestal\u201d<\/span><\/p>\n<p>Jos\u00e9 Carlos Mart\u00ednez es ingeniero forestal por la Universidad de Chapingo. Desde chico siempre so\u00f1\u00f3 con que hubiera m\u00e1s bosques. Ahora, es el Director de Innovaci\u00f3n en Reforestamos M\u00e9xico y contribuye a la formaci\u00f3n de empresas que tienen como objetivo la mejora de los bosques. Su historia es un vivo ejemplo de que se puede revolucionar la educaci\u00f3n forestal para que los emprendimientos y la conservaci\u00f3n no tengan que estar peleados.<br \/>Reforestamos ha trabajado con quinientas empresas y m\u00e1s de 2,000 emprendedores tanto en M\u00e9xico como en Am\u00e9rica Latina. La labor de Jos\u00e9 Carlos Mart\u00ednez ha sido fundamental para estos logros.<\/p>\n<p><img loading=\"lazy\" decoding=\"async\" src=\"https:\/\/heroesverdes.mx\/wp-content\/uploads\/2024\/06\/reforestamos.png\" width=\"149\" height=\"79\" alt=\"\" class=\"wp-image-340 alignnone size-full\" \/><\/p>\n<p>[\/dipl_image_accordion_item][dipl_image_accordion_item title=\u00bbElsa Esquivel\u00bb show_button=\u00bbon\u00bb button_text=\u00bbPara saber m\u00e1s entra aqu\u00ed\u00bb button_url=\u00bbhttps:\/\/ambio.org.mx\/\u00bb button_url_new_window=\u00bbon\u00bb accordion_bg_image=\u00bbhttps:\/\/heroesverdes.mx\/wp-content\/uploads\/2024\/06\/elsa-color.jpg\u00bb active_accordion_bg_image=\u00bbhttps:\/\/heroesverdes.mx\/wp-content\/uploads\/2024\/06\/elsa-bn.jpg\u00bb _builder_version=\u00bb4.25.2&#8243; _module_preset=\u00bbdefault\u00bb hover_enabled=\u00bb0&#8243; global_colors_info=\u00bb{}\u00bb sticky_enabled=\u00bb0&#8243;]<\/p>\n<p><span style=\"color: #78ff31;\">\u201cLa asesora comunitaria\u201d<\/span><\/p>\n<p>Elsa es ingeniera en agroecolog\u00eda y especialista servicios ecosist\u00e9micos. Ella siempre ha tenido claro que se debe evitar a toda costa el abandono y p\u00e9rdida de los bosques. Por eso, desde la cooperativa AMBIO ha promovido el buen manejo de los recursos forestales a nivel comunitario en Chiapas y Oaxaca. De esta manera, busca fortalecer a grupos y comunidades rurales de M\u00e9xico. Fue pionera en dise\u00f1ar e implementar Scolel&#8217;te, el programa internacional con m\u00e1s tiempo dedicado a la venta de cr\u00e9ditos por servicios ambientales.<\/p>\n<p><img loading=\"lazy\" decoding=\"async\" src=\"https:\/\/heroesverdes.mx\/wp-content\/uploads\/2024\/06\/ambio.png\" width=\"150\" height=\"53\" alt=\"\" class=\"wp-image-333 alignnone size-full\" \/><\/p>\n<p>&nbsp;<\/p>\n<p>[\/dipl_image_accordion_item][\/dipl_image_accordion][\/et_pb_column][\/et_pb_row][\/et_pb_section]<\/p>\n","protected":false},"excerpt":{"rendered":"<p>Conocea losH\u00e9roesRegina Bland\u00f3n Narradora Actriz mexicana comprometida con el medio ambiente. M\u00e1s de 4 millones de seguidores en redes sociales. Conocida por la serie de TV La familia P. Luche. Ha actuado en series y filmes, como Cindy la regia, Invitaci\u00f3n a un asesinato y Con los a\u00f1os que me quedan.Nuestros H\u00e9roes<div class=\"et_pb_module dipl_image_accordion dipl_image_accordion_0  et_pb_text_align_center et_pb_bg_layout_light\">\n\t\t\t\t\n\t\t\t\t\n\t\t\t\t\n\t\t\t\t\n\t\t\t\t\n\t\t\t\t\n\t\t\t\t<div class=\"et_pb_module_inner\">\n\t\t\t\t\t<div class=\"dipl_image_accordion_wrapper dipl_image_accordion_content_bottom_left\" data-trigger=\"hover\" data-default-active=\"0\"><\/div>\n\t\t\t\t<\/div>\n\t\t\t<\/div><div class=\"et_pb_module dipl_image_accordion_item dipl_image_accordion_item_0  et_pb_bg_layout_\">\n\t\t\t\t<div class=\"dipl_image_accordion_item_content_wrapper\">\n\t\t\t\t\t<div class=\"dipl_image_accordion_item_content_inner_wrap et_pb_animation_off\"><h4 class=\"dipl_image_accordion_item_title\">Enrique Jardel<\/h4><div class=\"dipl_image_accordion_item_desc\">\u201cEl lumbrero del bosque\u201d Enrique Jardel forma parte de los llamados \u201clumbreros\u201d, un equipo de investigadores que combaten los incendios forestales mediante quemas controladas de bosque. Sus estudios han contribuido a comprender los incendios forestales. Adem\u00e1s de ser miembro de organizaciones civiles y cuerpos consultivos, form\u00f3 parte del equipo fundador de la Reserva de la Bi\u00f3sfera de Manantl\u00e1n (Jalisco), donde ha mostrado que combatir fuego contra fuego es posible y necesario. <\/div><div class=\"et_pb_button_wrapper\"><a class=\"et_pb_button\" href=\"http:\/\/www.cucsur.udg.mx\/?q=enrique_jos_jardel_pel_ez\" target=\"_blank\">Para saber m\u00e1s entra aqu\u00ed<\/a><\/div><\/div>\n\t\t\t\t<\/div>\n\t\t\t<\/div><div class=\"et_pb_module dipl_image_accordion_item dipl_image_accordion_item_1  et_pb_bg_layout_\">\n\t\t\t\t<div class=\"dipl_image_accordion_item_content_wrapper\">\n\t\t\t\t\t<div class=\"dipl_image_accordion_item_content_inner_wrap et_pb_animation_off\"><h4 class=\"dipl_image_accordion_item_title\">Jos\u00e9 Carlos Mart\u00ednez<\/h4><div class=\"et_pb_button_wrapper\"><a class=\"et_pb_button\" href=\"http:\/\/www.reforestamosmexico.org\" target=\"_blank\">Para saber m\u00e1s entra aqu\u00ed<\/a><\/div><\/div>\n\t\t\t\t<\/div>\n\t\t\t<\/div>\u201cEl emprendedor forestal\u201d Jos\u00e9 Carlos Mart\u00ednez es ingeniero forestal por la Universidad de Chapingo. Desde chico siempre so\u00f1\u00f3 con que hubiera m\u00e1s bosques. Ahora, es el Director de Innovaci\u00f3n [&hellip;]<\/p>\n","protected":false},"author":1,"featured_media":0,"parent":0,"menu_order":0,"comment_status":"closed","ping_status":"closed","template":"","meta":{"_et_pb_use_builder":"on","_et_pb_old_content":"<!-- wp:divi\/placeholder \/-->","_et_gb_content_width":"","footnotes":"","_links_to":"","_links_to_target":""},"_links":{"self":[{"href":"https:\/\/heroesverdes.org\/es\/wp-json\/wp\/v2\/pages\/287"}],"collection":[{"href":"https:\/\/heroesverdes.org\/es\/wp-json\/wp\/v2\/pages"}],"about":[{"href":"https:\/\/heroesverdes.org\/es\/wp-json\/wp\/v2\/types\/page"}],"author":[{"embeddable":true,"href":"https:\/\/heroesverdes.org\/es\/wp-json\/wp\/v2\/users\/1"}],"replies":[{"embeddable":true,"href":"https:\/\/heroesverdes.org\/es\/wp-json\/wp\/v2\/comments?post=287"}],"version-history":[{"count":13,"href":"https:\/\/heroesverdes.org\/es\/wp-json\/wp\/v2\/pages\/287\/revisions"}],"predecessor-version":[{"id":512,"href":"https:\/\/heroesverdes.org\/es\/wp-json\/wp\/v2\/pages\/287\/revisions\/512"}],"wp:attachment":[{"href":"https:\/\/heroesverdes.org\/es\/wp-json\/wp\/v2\/media?parent=287"}],"curies":[{"name":"wp","href":"https:\/\/api.w.org\/{rel}","templated":true}]}}