{"id":288,"date":"2024-06-25T22:23:56","date_gmt":"2024-06-26T04:23:56","guid":{"rendered":"https:\/\/heroesverdes.mx\/?page_id=288"},"modified":"2024-09-19T17:38:41","modified_gmt":"2024-09-19T23:38:41","slug":"conoce-a-los-heroes-del-fauna","status":"publish","type":"page","link":"https:\/\/heroesverdes.org\/es\/conoce-a-los-heroes-del-fauna\/","title":{"rendered":"Conoce a los h\u00e9roes del fauna"},"content":{"rendered":"<p>[et_pb_section fb_built=\u00bb1&#8243; _builder_version=\u00bb4.25.2&#8243; _module_preset=\u00bbdefault\u00bb background_image=\u00bbhttps:\/\/heroesverdes.mx\/wp-content\/uploads\/2024\/06\/banner-conoce-heroes.jpg\u00bb custom_padding=\u00bb15vh||15vh||true|false\u00bb global_colors_info=\u00bb{}\u00bb][et_pb_row _builder_version=\u00bb4.25.2&#8243; _module_preset=\u00bbdefault\u00bb global_colors_info=\u00bb{}\u00bb][et_pb_column type=\u00bb4_4&#8243; _builder_version=\u00bb4.25.2&#8243; _module_preset=\u00bbdefault\u00bb global_colors_info=\u00bb{}\u00bb][et_pb_text _builder_version=\u00bb4.25.2&#8243; _module_preset=\u00bbdefault\u00bb header_2_text_color=\u00bb#78ff31&#8243; header_2_font_size=\u00bb70px\u00bb global_colors_info=\u00bb{}\u00bb]<\/p>\n<h2>Conoce<br \/>a los<br \/>H\u00e9roes<\/h2>\n<p>[\/et_pb_text][\/et_pb_column][\/et_pb_row][\/et_pb_section][et_pb_section fb_built=\u00bb1&#8243; _builder_version=\u00bb4.25.2&#8243; _module_preset=\u00bbdefault\u00bb global_colors_info=\u00bb{}\u00bb][et_pb_row column_structure=\u00bb1_2,1_2&#8243; use_custom_gutter=\u00bbon\u00bb gutter_width=\u00bb2&#8243; _builder_version=\u00bb4.25.2&#8243; _module_preset=\u00bbdefault\u00bb global_colors_info=\u00bb{}\u00bb][et_pb_column type=\u00bb1_2&#8243; _builder_version=\u00bb4.25.2&#8243; _module_preset=\u00bbdefault\u00bb global_colors_info=\u00bb{}\u00bb][et_pb_image src=\u00bbhttps:\/\/heroesverdes.mx\/wp-content\/uploads\/2024\/06\/regina-narradora.png\u00bb title_text=\u00bbregina-narradora\u00bb _builder_version=\u00bb4.25.2&#8243; _module_preset=\u00bbdefault\u00bb global_colors_info=\u00bb{}\u00bb][\/et_pb_image][\/et_pb_column][et_pb_column type=\u00bb1_2&#8243; _builder_version=\u00bb4.25.2&#8243; _module_preset=\u00bbdefault\u00bb custom_padding=\u00bb8vh|2vw|||false|false\u00bb global_colors_info=\u00bb{}\u00bb][et_pb_text _builder_version=\u00bb4.25.2&#8243; _module_preset=\u00bbdefault\u00bb text_font=\u00bb|||on|||||\u00bb header_3_font=\u00bb|700|||||||\u00bb header_3_font_size=\u00bb30px\u00bb global_colors_info=\u00bb{}\u00bb]<\/p>\n<h3>Regina Bland\u00f3n<\/h3>\n<p>Narradora<\/p>\n<p>[\/et_pb_text][et_pb_divider color=\u00bb#63d528&#8243; divider_weight=\u00bb2px\u00bb _builder_version=\u00bb4.25.2&#8243; _module_preset=\u00bbdefault\u00bb width=\u00bb40%\u00bb global_colors_info=\u00bb{}\u00bb][\/et_pb_divider][et_pb_text _builder_version=\u00bb4.25.2&#8243; _module_preset=\u00bbdefault\u00bb text_orientation=\u00bbjustified\u00bb global_colors_info=\u00bb{}\u00bb]<\/p>\n<ul>\n<li><span>Actriz mexicana comprometida con el medio ambiente.<\/span><\/li>\n<li><span>M\u00e1s de 4 millones de seguidores en redes sociales.<\/span><\/li>\n<li><span>Conocida por la serie de TV La familia P. Luche.<\/span><\/li>\n<\/ul>\n<p><span>Ha actuado en series y filmes, como Cindy la regia, Invitaci\u00f3n a un asesinato y Con los a\u00f1os que me quedan.<\/span><\/p>\n<p>[\/et_pb_text][\/et_pb_column][\/et_pb_row][\/et_pb_section][et_pb_section fb_built=\u00bb1&#8243; _builder_version=\u00bb4.25.2&#8243; _module_preset=\u00bbdefault\u00bb background_color=\u00bb#000000&#8243; global_colors_info=\u00bb{}\u00bb][et_pb_row module_id=\u00bbfauna\u00bb _builder_version=\u00bb4.25.2&#8243; _module_preset=\u00bbdefault\u00bb global_colors_info=\u00bb{}\u00bb][et_pb_column type=\u00bb4_4&#8243; _builder_version=\u00bb4.25.2&#8243; _module_preset=\u00bbdefault\u00bb global_colors_info=\u00bb{}\u00bb][et_pb_text _builder_version=\u00bb4.25.2&#8243; _module_preset=\u00bbdefault\u00bb header_2_font=\u00bb|700|||||||\u00bb header_2_text_align=\u00bbcenter\u00bb header_2_text_color=\u00bb#FFFFFF\u00bb header_2_font_size=\u00bb35px\u00bb global_colors_info=\u00bb{}\u00bb]<\/p>\n<h2>Nuestros H\u00e9roes<\/h2>\n<p>[\/et_pb_text][\/et_pb_column][\/et_pb_row][et_pb_row _builder_version=\u00bb4.25.2&#8243; _module_preset=\u00bbdefault\u00bb global_colors_info=\u00bb{}\u00bb][et_pb_column type=\u00bb4_4&#8243; _builder_version=\u00bb4.25.2&#8243; _module_preset=\u00bbdefault\u00bb global_colors_info=\u00bb{}\u00bb][et_pb_menu menu_id=\u00bb10&#8243; mobile_menu_bg_color=\u00bb#000000&#8243; module_class=\u00bbpa-underline-color-swipe2 pa-active-menu-item\u00bb _builder_version=\u00bb4.25.2&#8243; _module_preset=\u00bbdefault\u00bb menu_font=\u00bb|700|||||||\u00bb menu_text_color=\u00bb#78ff31&#8243; menu_font_size=\u00bb16px\u00bb background_enable_color=\u00bboff\u00bb text_orientation=\u00bbcenter\u00bb global_colors_info=\u00bb{}\u00bb][\/et_pb_menu][\/et_pb_column][\/et_pb_row][et_pb_row _builder_version=\u00bb4.25.2&#8243; _module_preset=\u00bbdefault\u00bb global_colors_info=\u00bb{}\u00bb][et_pb_column type=\u00bb4_4&#8243; _builder_version=\u00bb4.25.2&#8243; _module_preset=\u00bbdefault\u00bb global_colors_info=\u00bb{}\u00bb][dipl_image_accordion content_alignment=\u00bbbottom_left\u00bb inactive_state=\u00bbon|off\u00bb disabled_on=\u00bbon|on|off\u00bb _builder_version=\u00bb4.25.2&#8243; _module_preset=\u00bbdefault\u00bb title_text_color=\u00bb#FFFFFF\u00bb title_font_size=\u00bb30px\u00bb desc_text_text_align=\u00bbjustify\u00bb desc_text_text_color=\u00bb#FFFFFF\u00bb custom_button=\u00bbon\u00bb button_text_size=\u00bb14px\u00bb button_text_color=\u00bb#78ff31&#8243; button_bg_color=\u00bbrgba(0,0,0,0)\u00bb button_border_width=\u00bb1px\u00bb button_border_color=\u00bb#FFFFFF\u00bb button_alignment=\u00bbleft\u00bb height=\u00bb450px\u00bb global_colors_info=\u00bb{}\u00bb][dipl_image_accordion_item title=\u00bbRodrigo Medell\u00edn\u00bb show_button=\u00bbon\u00bb button_text=\u00bbPara saber m\u00e1s entra aqu\u00ed\u00bb button_url=\u00bbhttps:\/\/web2.ecologia.unam.mx\/perfiles\/perfil.php?ID=1237840056562&#8243; button_url_new_window=\u00bbon\u00bb accordion_bg_image=\u00bbhttps:\/\/heroesverdes.mx\/wp-content\/uploads\/2024\/06\/rodrigo-medellin-color.jpg\u00bb active_accordion_bg_image=\u00bbhttps:\/\/heroesverdes.mx\/wp-content\/uploads\/2024\/06\/rodrigo-medellin-bn.jpg\u00bb _builder_version=\u00bb4.25.2&#8243; _module_preset=\u00bbdefault\u00bb global_colors_info=\u00bb{}\u00bb]<\/p>\n<p><span style=\"color: #78ff31;\">\u201cEl Batman mexicano\u201d<\/span><\/p>\n<p>Desde ni\u00f1o, Rodrigo Medell\u00edn vive maravillado con toda especie de vida en el planeta. Pronto se volvi\u00f3 amante de los murci\u00e9lagos, lo que con el tiempo lo llev\u00f3 a ser el especialista m\u00e1s reconocido de estas especies en el mundo. Ha asesorado proyectos para optimizar planes de manejo y aprovechamiento de la fauna en M\u00e9xico, y sido uno de los principales aliados de la fauna silvestre en el pa\u00eds. Uno de los conservacionistas m\u00e1s reconocidos del mundo, com\u00fanmente apodado \u201cEl Batman mexicano\u201d.<\/p>\n<p><img loading=\"lazy\" decoding=\"async\" src=\"https:\/\/heroesverdes.mx\/wp-content\/uploads\/2024\/06\/vertebrados.png\" width=\"200\" height=\"63\" alt=\"\" class=\"wp-image-352 alignnone size-full\" \/><\/p>\n<p>[\/dipl_image_accordion_item][dipl_image_accordion_item title=\u00bbGraciela Tiburcio\u00bb show_button=\u00bbon\u00bb button_text=\u00bbPara saber m\u00e1s entra aqu\u00ed\u00bb button_url=\u00bbhttps:\/\/organizacionsycoma.org\u00bb button_url_new_window=\u00bbon\u00bb accordion_bg_image=\u00bbhttps:\/\/heroesverdes.mx\/wp-content\/uploads\/2024\/06\/graciela-tib-color.jpg\u00bb active_accordion_bg_image=\u00bbhttps:\/\/heroesverdes.mx\/wp-content\/uploads\/2024\/06\/graciela-tib-bn.jpg\u00bb _builder_version=\u00bb4.25.2&#8243; _module_preset=\u00bbdefault\u00bb global_colors_info=\u00bb{}\u00bb]<\/p>\n<p><span style=\"color: #78ff31;\">\u201cLa voz de las tortugas\u201d<\/span><\/p>\n<p>Graciela Tiburcio es una leyenda en el mundo de la conservaci\u00f3n. Desde su juventud, les ha dedicado su vida a las tortugas. Ha impulsado y consolidado programas de protecci\u00f3n exitosos que permanecen con el tiempo. Su historia empieza con su llegada a Los Cabos, y se consolida como fundadora del grupo m\u00e1s importante que protege a esta especie en M\u00e9xico: la Red para Protecci\u00f3n de la Tortuga Marina en Los Cabos.<\/p>\n<p>[\/dipl_image_accordion_item][dipl_image_accordion_item title=\u00bbAntonio de la Torre\u00bb show_button=\u00bbon\u00bb button_text=\u00bbPara saber m\u00e1s entra aqu\u00ed\u00bb button_url=\u00bbhttps:\/\/jaguaresdelaselvamaya.org\/\u00bb button_url_new_window=\u00bbon\u00bb accordion_bg_image=\u00bbhttps:\/\/heroesverdes.mx\/wp-content\/uploads\/2024\/06\/antonio-torre-color.jpg\u00bb active_accordion_bg_image=\u00bbhttps:\/\/heroesverdes.mx\/wp-content\/uploads\/2024\/06\/antonio-torre-bn.jpg\u00bb _builder_version=\u00bb4.25.2&#8243; _module_preset=\u00bbdefault\u00bb global_colors_info=\u00bb{}\u00bb]<\/p>\n<p><span style=\"color: #78ff31;\">\u201cEl guardi\u00e1n de los jaguares\u201d<\/span><\/p>\n<p>En el M\u00e9xico antiguo, el jaguar fue de los animales m\u00e1s venerados; hoy en d\u00eda, es una especie amenazada por la extinci\u00f3n. Antonio de la Torre se ha dedicado a\u00f1os a conocer cu\u00e1ntos jaguares quedan, d\u00f3nde est\u00e1n y qu\u00e9 acciones se deben seguir para cohabitar con esta especie. Antonio pasa gran parte de su tiempo en la Selva Lacandona (Chiapas), donde ha creado uno de los programas m\u00e1s exitosos para conservar este espectacular felino.<\/p>\n<p>&nbsp;<\/p>\n<p>[\/dipl_image_accordion_item][\/dipl_image_accordion][dipl_image_accordion accordion_orientation=\u00bbvertical\u00bb content_alignment=\u00bbbottom_center\u00bb inactive_state=\u00bbon|off\u00bb disabled_on=\u00bboff|off|on\u00bb _builder_version=\u00bb4.25.2&#8243; _module_preset=\u00bbdefault\u00bb title_text_color=\u00bb#FFFFFF\u00bb title_font_size=\u00bb30px\u00bb desc_text_text_align=\u00bbjustify\u00bb desc_text_text_color=\u00bb#FFFFFF\u00bb custom_button=\u00bbon\u00bb button_text_size=\u00bb14px\u00bb button_text_color=\u00bb#78ff31&#8243; button_bg_color=\u00bbrgba(0,0,0,0)\u00bb button_border_width=\u00bb1px\u00bb button_border_color=\u00bb#FFFFFF\u00bb button_alignment=\u00bbleft\u00bb height=\u00bb1000px\u00bb hover_enabled=\u00bb0&#8243; global_colors_info=\u00bb{}\u00bb sticky_enabled=\u00bb0&#8243;][dipl_image_accordion_item title=\u00bbRodrigo Medell\u00edn\u00bb show_button=\u00bbon\u00bb button_text=\u00bbPara saber m\u00e1s entra aqu\u00ed\u00bb button_url=\u00bbhttps:\/\/web2.ecologia.unam.mx\/perfiles\/perfil.php?ID=1237840056562&#8243; button_url_new_window=\u00bbon\u00bb accordion_bg_image=\u00bbhttps:\/\/heroesverdes.mx\/wp-content\/uploads\/2024\/06\/rodrigo-medellin-color.jpg\u00bb active_accordion_bg_image=\u00bbhttps:\/\/heroesverdes.mx\/wp-content\/uploads\/2024\/06\/rodrigo-medellin-bn.jpg\u00bb _builder_version=\u00bb4.25.2&#8243; _module_preset=\u00bbdefault\u00bb global_colors_info=\u00bb{}\u00bb]<\/p>\n<p><span style=\"color: #78ff31;\">\u201cEl Batman mexicano\u201d<\/span><\/p>\n<p>Desde ni\u00f1o, Rodrigo Medell\u00edn vive maravillado con toda especie de vida en el planeta. Pronto se volvi\u00f3 amante de los murci\u00e9lagos, lo que con el tiempo lo llev\u00f3 a ser el especialista m\u00e1s reconocido de estas especies en el mundo. Ha asesorado proyectos para optimizar planes de manejo y aprovechamiento de la fauna en M\u00e9xico, y sido uno de los principales aliados de la fauna silvestre en el pa\u00eds. Uno de los conservacionistas m\u00e1s reconocidos del mundo, com\u00fanmente apodado \u201cEl Batman mexicano\u201d.<\/p>\n<p><img loading=\"lazy\" decoding=\"async\" src=\"https:\/\/heroesverdes.mx\/wp-content\/uploads\/2024\/06\/vertebrados.png\" width=\"200\" height=\"63\" alt=\"\" class=\"wp-image-352 alignnone size-full\" \/><\/p>\n<p>[\/dipl_image_accordion_item][dipl_image_accordion_item title=\u00bbGraciela Tiburcio\u00bb show_button=\u00bbon\u00bb button_text=\u00bbPara saber m\u00e1s entra aqu\u00ed\u00bb button_url=\u00bbhttps:\/\/organizacionsycoma.org\u00bb button_url_new_window=\u00bbon\u00bb accordion_bg_image=\u00bbhttps:\/\/heroesverdes.mx\/wp-content\/uploads\/2024\/06\/graciela-tib-color.jpg\u00bb active_accordion_bg_image=\u00bbhttps:\/\/heroesverdes.mx\/wp-content\/uploads\/2024\/06\/graciela-tib-bn.jpg\u00bb _builder_version=\u00bb4.25.2&#8243; _module_preset=\u00bbdefault\u00bb global_colors_info=\u00bb{}\u00bb]<\/p>\n<p><span style=\"color: #78ff31;\">\u201cLa voz de las tortugas\u201d<\/span><\/p>\n<p>Graciela Tiburcio es una leyenda en el mundo de la conservaci\u00f3n. Desde su juventud, les ha dedicado su vida a las tortugas. Ha impulsado y consolidado programas de protecci\u00f3n exitosos que permanecen con el tiempo. Su historia empieza con su llegada a Los Cabos, y se consolida como fundadora del grupo m\u00e1s importante que protege a esta especie en M\u00e9xico: la Red para Protecci\u00f3n de la Tortuga Marina en Los Cabos.<\/p>\n<p>[\/dipl_image_accordion_item][dipl_image_accordion_item title=\u00bbAntonio de la Torre\u00bb show_button=\u00bbon\u00bb button_text=\u00bbPara saber m\u00e1s entra aqu\u00ed\u00bb button_url=\u00bbhttps:\/\/jaguaresdelaselvamaya.org\/\u00bb button_url_new_window=\u00bbon\u00bb accordion_bg_image=\u00bbhttps:\/\/heroesverdes.mx\/wp-content\/uploads\/2024\/06\/antonio-torre-color.jpg\u00bb active_accordion_bg_image=\u00bbhttps:\/\/heroesverdes.mx\/wp-content\/uploads\/2024\/06\/antonio-torre-bn.jpg\u00bb _builder_version=\u00bb4.25.2&#8243; _module_preset=\u00bbdefault\u00bb hover_enabled=\u00bb0&#8243; global_colors_info=\u00bb{}\u00bb sticky_enabled=\u00bb0&#8243;]<\/p>\n<p><span style=\"color: #78ff31;\">\u201cEl guardi\u00e1n de los jaguares\u201d<\/span><\/p>\n<p>En el M\u00e9xico antiguo, el jaguar fue de los animales m\u00e1s venerados; hoy en d\u00eda, es una especie amenazada por la extinci\u00f3n. Antonio de la Torre se ha dedicado a\u00f1os a conocer cu\u00e1ntos jaguares quedan, d\u00f3nde est\u00e1n y qu\u00e9 acciones se deben seguir para cohabitar con esta especie. Antonio pasa gran parte de su tiempo en la Selva Lacandona (Chiapas), donde ha creado uno de los programas m\u00e1s exitosos para conservar este espectacular felino.<\/p>\n<p>&nbsp;<\/p>\n<p>[\/dipl_image_accordion_item][\/dipl_image_accordion][\/et_pb_column][\/et_pb_row][\/et_pb_section]<\/p>\n","protected":false},"excerpt":{"rendered":"<p>Conocea losH\u00e9roesRegina Bland\u00f3n Narradora Actriz mexicana comprometida con el medio ambiente. M\u00e1s de 4 millones de seguidores en redes sociales. Conocida por la serie de TV La familia P. Luche. Ha actuado en series y filmes, como Cindy la regia, Invitaci\u00f3n a un asesinato y Con los a\u00f1os que me quedan.Nuestros H\u00e9roes<div class=\"et_pb_module dipl_image_accordion dipl_image_accordion_0  et_pb_text_align_center et_pb_bg_layout_light\">\n\t\t\t\t\n\t\t\t\t\n\t\t\t\t\n\t\t\t\t\n\t\t\t\t\n\t\t\t\t\n\t\t\t\t<div class=\"et_pb_module_inner\">\n\t\t\t\t\t<div class=\"dipl_image_accordion_wrapper dipl_image_accordion_content_bottom_left\" data-trigger=\"hover\" data-default-active=\"0\"><\/div>\n\t\t\t\t<\/div>\n\t\t\t<\/div><div class=\"et_pb_module dipl_image_accordion_item dipl_image_accordion_item_0  et_pb_bg_layout_\">\n\t\t\t\t<div class=\"dipl_image_accordion_item_content_wrapper\">\n\t\t\t\t\t<div class=\"dipl_image_accordion_item_content_inner_wrap et_pb_animation_off\"><h4 class=\"dipl_image_accordion_item_title\">Rodrigo Medell\u00edn<\/h4><div class=\"dipl_image_accordion_item_desc\">\u201cEl Batman mexicano\u201d Desde ni\u00f1o, Rodrigo Medell\u00edn vive maravillado con toda especie de vida en el planeta. Pronto se volvi\u00f3 amante de los murci\u00e9lagos, lo que con el tiempo lo llev\u00f3 a ser el especialista m\u00e1s reconocido de estas especies en el mundo. Ha asesorado proyectos para optimizar planes de manejo y aprovechamiento de la fauna en M\u00e9xico, y sido uno de los principales aliados de la fauna silvestre en el pa\u00eds. Uno de los conservacionistas m\u00e1s reconocidos del mundo, com\u00fanmente apodado \u201cEl Batman mexicano\u201d. <\/div><div class=\"et_pb_button_wrapper\"><a class=\"et_pb_button\" href=\"https:\/\/web2.ecologia.unam.mx\/perfiles\/perfil.php?ID=1237840056562\" target=\"_blank\">Para saber m\u00e1s entra aqu\u00ed<\/a><\/div><\/div>\n\t\t\t\t<\/div>\n\t\t\t<\/div><div class=\"et_pb_module dipl_image_accordion_item dipl_image_accordion_item_1  et_pb_bg_layout_\">\n\t\t\t\t<div class=\"dipl_image_accordion_item_content_wrapper\">\n\t\t\t\t\t<div class=\"dipl_image_accordion_item_content_inner_wrap et_pb_animation_off\"><h4 class=\"dipl_image_accordion_item_title\">Graciela Tiburcio<\/h4><div class=\"et_pb_button_wrapper\"><a class=\"et_pb_button\" href=\"https:\/\/organizacionsycoma.org\" target=\"_blank\">Para saber m\u00e1s entra aqu\u00ed<\/a><\/div><\/div>\n\t\t\t\t<\/div>\n\t\t\t<\/div>\u201cLa voz de las tortugas\u201d Graciela Tiburcio es una leyenda en el mundo de la conservaci\u00f3n. [&hellip;]<\/p>\n","protected":false},"author":1,"featured_media":0,"parent":0,"menu_order":0,"comment_status":"closed","ping_status":"closed","template":"","meta":{"_et_pb_use_builder":"on","_et_pb_old_content":"<!-- wp:divi\/placeholder \/-->","_et_gb_content_width":"","footnotes":"","_links_to":"","_links_to_target":""},"_links":{"self":[{"href":"https:\/\/heroesverdes.org\/es\/wp-json\/wp\/v2\/pages\/288"}],"collection":[{"href":"https:\/\/heroesverdes.org\/es\/wp-json\/wp\/v2\/pages"}],"about":[{"href":"https:\/\/heroesverdes.org\/es\/wp-json\/wp\/v2\/types\/page"}],"author":[{"embeddable":true,"href":"https:\/\/heroesverdes.org\/es\/wp-json\/wp\/v2\/users\/1"}],"replies":[{"embeddable":true,"href":"https:\/\/heroesverdes.org\/es\/wp-json\/wp\/v2\/comments?post=288"}],"version-history":[{"count":8,"href":"https:\/\/heroesverdes.org\/es\/wp-json\/wp\/v2\/pages\/288\/revisions"}],"predecessor-version":[{"id":511,"href":"https:\/\/heroesverdes.org\/es\/wp-json\/wp\/v2\/pages\/288\/revisions\/511"}],"wp:attachment":[{"href":"https:\/\/heroesverdes.org\/es\/wp-json\/wp\/v2\/media?parent=288"}],"curies":[{"name":"wp","href":"https:\/\/api.w.org\/{rel}","templated":true}]}}