{"id":289,"date":"2024-06-25T22:24:08","date_gmt":"2024-06-26T04:24:08","guid":{"rendered":"https:\/\/heroesverdes.mx\/?page_id=289"},"modified":"2024-09-19T17:37:58","modified_gmt":"2024-09-19T23:37:58","slug":"conoce-a-los-heroes-del-reciclaje","status":"publish","type":"page","link":"https:\/\/heroesverdes.org\/es\/conoce-a-los-heroes-del-reciclaje\/","title":{"rendered":"Conoce a los h\u00e9roes del reciclaje"},"content":{"rendered":"<p>[et_pb_section fb_built=\u00bb1&#8243; _builder_version=\u00bb4.25.2&#8243; _module_preset=\u00bbdefault\u00bb background_image=\u00bbhttps:\/\/heroesverdes.mx\/wp-content\/uploads\/2024\/06\/banner-conoce-heroes.jpg\u00bb custom_padding=\u00bb15vh||15vh||true|false\u00bb global_colors_info=\u00bb{}\u00bb][et_pb_row _builder_version=\u00bb4.25.2&#8243; _module_preset=\u00bbdefault\u00bb global_colors_info=\u00bb{}\u00bb][et_pb_column type=\u00bb4_4&#8243; _builder_version=\u00bb4.25.2&#8243; _module_preset=\u00bbdefault\u00bb global_colors_info=\u00bb{}\u00bb][et_pb_text _builder_version=\u00bb4.25.2&#8243; _module_preset=\u00bbdefault\u00bb header_2_text_color=\u00bb#78ff31&#8243; header_2_font_size=\u00bb70px\u00bb global_colors_info=\u00bb{}\u00bb]<\/p>\n<h2>Conoce<br \/>a los<br \/>H\u00e9roes<\/h2>\n<p>[\/et_pb_text][\/et_pb_column][\/et_pb_row][\/et_pb_section][et_pb_section fb_built=\u00bb1&#8243; _builder_version=\u00bb4.25.2&#8243; _module_preset=\u00bbdefault\u00bb global_colors_info=\u00bb{}\u00bb][et_pb_row column_structure=\u00bb1_2,1_2&#8243; use_custom_gutter=\u00bbon\u00bb gutter_width=\u00bb2&#8243; _builder_version=\u00bb4.25.2&#8243; _module_preset=\u00bbdefault\u00bb global_colors_info=\u00bb{}\u00bb][et_pb_column type=\u00bb1_2&#8243; _builder_version=\u00bb4.25.2&#8243; _module_preset=\u00bbdefault\u00bb global_colors_info=\u00bb{}\u00bb][et_pb_image src=\u00bbhttps:\/\/heroesverdes.mx\/wp-content\/uploads\/2024\/06\/regina-narradora.png\u00bb title_text=\u00bbregina-narradora\u00bb _builder_version=\u00bb4.25.2&#8243; _module_preset=\u00bbdefault\u00bb global_colors_info=\u00bb{}\u00bb][\/et_pb_image][\/et_pb_column][et_pb_column type=\u00bb1_2&#8243; _builder_version=\u00bb4.25.2&#8243; _module_preset=\u00bbdefault\u00bb custom_padding=\u00bb8vh|2vw|||false|false\u00bb global_colors_info=\u00bb{}\u00bb][et_pb_text _builder_version=\u00bb4.25.2&#8243; _module_preset=\u00bbdefault\u00bb text_font=\u00bb|||on|||||\u00bb header_3_font=\u00bb|700|||||||\u00bb header_3_font_size=\u00bb30px\u00bb global_colors_info=\u00bb{}\u00bb]<\/p>\n<h3>Regina Bland\u00f3n<\/h3>\n<p>Narradora<\/p>\n<p>[\/et_pb_text][et_pb_divider color=\u00bb#63d528&#8243; divider_weight=\u00bb2px\u00bb _builder_version=\u00bb4.25.2&#8243; _module_preset=\u00bbdefault\u00bb width=\u00bb40%\u00bb global_colors_info=\u00bb{}\u00bb][\/et_pb_divider][et_pb_text _builder_version=\u00bb4.25.2&#8243; _module_preset=\u00bbdefault\u00bb text_orientation=\u00bbjustified\u00bb global_colors_info=\u00bb{}\u00bb]<\/p>\n<ul>\n<li><span>Actriz mexicana comprometida con el medio ambiente.<\/span><\/li>\n<li><span>M\u00e1s de 4 millones de seguidores en redes sociales.<\/span><\/li>\n<li><span>Conocida por la serie de TV La familia P. Luche.<\/span><\/li>\n<\/ul>\n<p><span>Ha actuado en series y filmes, como Cindy la regia, Invitaci\u00f3n a un asesinato y Con los a\u00f1os que me quedan.<\/span><\/p>\n<p>[\/et_pb_text][\/et_pb_column][\/et_pb_row][\/et_pb_section][et_pb_section fb_built=\u00bb1&#8243; _builder_version=\u00bb4.25.2&#8243; _module_preset=\u00bbdefault\u00bb background_color=\u00bb#000000&#8243; global_colors_info=\u00bb{}\u00bb][et_pb_row module_id=\u00bbreciclaje\u00bb _builder_version=\u00bb4.25.2&#8243; _module_preset=\u00bbdefault\u00bb global_colors_info=\u00bb{}\u00bb][et_pb_column type=\u00bb4_4&#8243; _builder_version=\u00bb4.25.2&#8243; _module_preset=\u00bbdefault\u00bb global_colors_info=\u00bb{}\u00bb][et_pb_text _builder_version=\u00bb4.25.2&#8243; _module_preset=\u00bbdefault\u00bb header_2_font=\u00bb|700|||||||\u00bb header_2_text_align=\u00bbcenter\u00bb header_2_text_color=\u00bb#FFFFFF\u00bb header_2_font_size=\u00bb35px\u00bb global_colors_info=\u00bb{}\u00bb]<\/p>\n<h2>Nuestros H\u00e9roes<\/h2>\n<p>[\/et_pb_text][\/et_pb_column][\/et_pb_row][et_pb_row _builder_version=\u00bb4.25.2&#8243; _module_preset=\u00bbdefault\u00bb global_colors_info=\u00bb{}\u00bb][et_pb_column type=\u00bb4_4&#8243; _builder_version=\u00bb4.25.2&#8243; _module_preset=\u00bbdefault\u00bb global_colors_info=\u00bb{}\u00bb][et_pb_menu menu_id=\u00bb10&#8243; mobile_menu_bg_color=\u00bb#000000&#8243; module_class=\u00bbpa-underline-color-swipe2 pa-active-menu-item\u00bb _builder_version=\u00bb4.25.2&#8243; _module_preset=\u00bbdefault\u00bb menu_font=\u00bb|700|||||||\u00bb menu_text_color=\u00bb#78ff31&#8243; menu_font_size=\u00bb16px\u00bb background_enable_color=\u00bboff\u00bb text_orientation=\u00bbcenter\u00bb global_colors_info=\u00bb{}\u00bb][\/et_pb_menu][\/et_pb_column][\/et_pb_row][et_pb_row _builder_version=\u00bb4.25.2&#8243; _module_preset=\u00bbdefault\u00bb global_colors_info=\u00bb{}\u00bb][et_pb_column type=\u00bb4_4&#8243; _builder_version=\u00bb4.25.2&#8243; _module_preset=\u00bbdefault\u00bb global_colors_info=\u00bb{}\u00bb][dipl_image_accordion content_alignment=\u00bbbottom_left\u00bb inactive_state=\u00bbon|off\u00bb disabled_on=\u00bbon|on|off\u00bb _builder_version=\u00bb4.25.2&#8243; _module_preset=\u00bbdefault\u00bb title_text_color=\u00bb#FFFFFF\u00bb title_font_size=\u00bb30px\u00bb desc_text_text_align=\u00bbjustify\u00bb desc_text_text_color=\u00bb#FFFFFF\u00bb custom_button=\u00bbon\u00bb button_text_size=\u00bb14px\u00bb button_text_color=\u00bb#78ff31&#8243; button_bg_color=\u00bbrgba(0,0,0,0)\u00bb button_border_width=\u00bb1px\u00bb button_border_color=\u00bb#FFFFFF\u00bb button_alignment=\u00bbleft\u00bb height=\u00bb450px\u00bb hover_enabled=\u00bb0&#8243; global_colors_info=\u00bb{}\u00bb sticky_enabled=\u00bb0&#8243;][dipl_image_accordion_item title=\u00bbCristina Cortinas\u00bb show_button=\u00bbon\u00bb button_text=\u00bbPara saber m\u00e1s entra aqu\u00ed\u00bb button_url=\u00bbhttps:\/\/www.fundacionccortinas.org\/cristina-cortinas\/\u00bb button_url_new_window=\u00bbon\u00bb accordion_bg_image=\u00bbhttps:\/\/heroesverdes.mx\/wp-content\/uploads\/2024\/06\/cristina-cortinas-color.jpg\u00bb active_accordion_bg_image=\u00bbhttps:\/\/heroesverdes.mx\/wp-content\/uploads\/2024\/06\/cristina-cortinas-bn.jpg\u00bb _builder_version=\u00bb4.25.2&#8243; _module_preset=\u00bbdefault\u00bb global_colors_info=\u00bb{}\u00bb]<\/p>\n<p><span style=\"color: #78ff31;\">\u201cLa experta en residuos\u201d<\/span><\/p>\n<p>La Dra. Cristina Cortinas es la mayor especialista en sustancias t\u00f3xicas y peligrosas en M\u00e9xico. Realiz\u00f3 investigaciones para evaluar los efectos gen\u00e9ticos de sustancias y contaminantes qu\u00edmicos por m\u00e1s de veinte a\u00f1os en el Instituto de Investigaciones Biom\u00e9dicas de la UNAM. Ha asesorado iniciativas de ley para prohibir la presencia de sustancias t\u00f3xicas, prevenir y gestionar los residuos y fomentar econom\u00edas circulares en varias comunidades de M\u00e9xico.<\/p>\n<p><img loading=\"lazy\" decoding=\"async\" src=\"https:\/\/heroesverdes.mx\/wp-content\/uploads\/2024\/06\/fundacion-300x93.png\" width=\"200\" height=\"62\" alt=\"\" class=\"wp-image-361 alignnone size-medium\" srcset=\"https:\/\/heroesverdes.org\/wp-content\/uploads\/2024\/06\/fundacion-300x93.png 300w, https:\/\/heroesverdes.org\/wp-content\/uploads\/2024\/06\/fundacion.png 302w\" sizes=\"(max-width: 200px) 100vw, 200px\" \/><\/p>\n<p>[\/dipl_image_accordion_item][dipl_image_accordion_item title=\u00bbJahir Mojica\u00bb show_button=\u00bbon\u00bb button_text=\u00bbPara saber m\u00e1s entra aqu\u00ed\u00bb button_url=\u00bbhttps:\/\/suema.com.mx\u00bb button_url_new_window=\u00bbon\u00bb accordion_bg_image=\u00bbhttps:\/\/heroesverdes.mx\/wp-content\/uploads\/2024\/06\/yahir-mojica-color.jpg\u00bb active_accordion_bg_image=\u00bbhttps:\/\/heroesverdes.mx\/wp-content\/uploads\/2024\/06\/yahir-mojica-bn.jpg\u00bb _builder_version=\u00bb4.25.2&#8243; _module_preset=\u00bbdefault\u00bb global_colors_info=\u00bb{}\u00bb]<\/p>\n<p><span style=\"color: #78ff31;\">\u201cEl alquimista\u201d<\/span><\/p>\n<p>Jahir Mojica quizo mejorar la gesti\u00f3n de residuos en M\u00e9xico. Despu\u00e9s de a\u00f1os de trabajo, ahora desarrolla sistemas especiales de tratamiento de desechos. Entre sus inventos m\u00e1s notables se encuentra su laboratorio viviente: un biodigestor que convierte los desechos org\u00e1nicos en energ\u00eda y nutrientes para el suelo que ya revolucion\u00f3 la concepci\u00f3n de los residuos en la alcald\u00eda Milpa Alta (Ciudad de M\u00e9xico).<\/p>\n<p><img loading=\"lazy\" decoding=\"async\" src=\"https:\/\/heroesverdes.mx\/wp-content\/uploads\/2024\/06\/suema.png\" width=\"200\" height=\"66\" alt=\"\" class=\"wp-image-362 alignnone size-full\" \/><\/p>\n<p>[\/dipl_image_accordion_item][dipl_image_accordion_item title=\u00bbAlejandra Valdez\u00bb show_button=\u00bbon\u00bb button_text=\u00bbPara saber m\u00e1s entra aqu\u00ed\u00bb button_url=\u00bbhttps:\/\/ecolana.com.mx\/\u00bb button_url_new_window=\u00bbon\u00bb accordion_bg_image=\u00bbhttps:\/\/heroesverdes.mx\/wp-content\/uploads\/2024\/06\/alejandra-val-color.jpg\u00bb active_accordion_bg_image=\u00bbhttps:\/\/heroesverdes.mx\/wp-content\/uploads\/2024\/06\/alejandra-val-bn.jpg\u00bb _builder_version=\u00bb4.25.2&#8243; _module_preset=\u00bbdefault\u00bb hover_enabled=\u00bb0&#8243; global_colors_info=\u00bb{}\u00bb sticky_enabled=\u00bb0&#8243;]<\/p>\n<p><span style=\"color: #78ff31;\">\u201cLa rescatadora de materiales\u201d<\/span><\/p>\n<p>Alejandra Valdez es persistente y nunca ha abandonado la certeza de la importancia de las peque\u00f1as acciones. Su historia cuenta el esfuerzo de \u201cEcolana\u201d, una plataforma que promueve y facilita la reutilizaci\u00f3n de residuos. Junto con sus socios, logr\u00f3 crear el directorio de reciclaje m\u00e1s importante en M\u00e9xico.<\/p>\n<p>Visita su p\u00e1gina si deseas conocer d\u00f3nde puedes llevar tus residuos, e incluso ganar dinero haciendo esto.<\/p>\n<p><img loading=\"lazy\" decoding=\"async\" src=\"https:\/\/heroesverdes.mx\/wp-content\/uploads\/2024\/06\/ecolana.png\" width=\"197\" height=\"40\" alt=\"\" class=\"wp-image-360 alignnone size-full\" \/><\/p>\n<p>&nbsp;<\/p>\n<p>[\/dipl_image_accordion_item][\/dipl_image_accordion][dipl_image_accordion accordion_orientation=\u00bbvertical\u00bb content_alignment=\u00bbbottom_center\u00bb inactive_state=\u00bbon|off\u00bb disabled_on=\u00bboff|off|on\u00bb _builder_version=\u00bb4.25.2&#8243; _module_preset=\u00bbdefault\u00bb title_text_color=\u00bb#FFFFFF\u00bb title_font_size=\u00bb30px\u00bb desc_text_text_align=\u00bbjustify\u00bb desc_text_text_color=\u00bb#FFFFFF\u00bb custom_button=\u00bbon\u00bb button_text_size=\u00bb14px\u00bb button_text_color=\u00bb#78ff31&#8243; button_bg_color=\u00bbrgba(0,0,0,0)\u00bb button_border_width=\u00bb1px\u00bb button_border_color=\u00bb#FFFFFF\u00bb button_alignment=\u00bbleft\u00bb height=\u00bb1000px\u00bb hover_enabled=\u00bb0&#8243; global_colors_info=\u00bb{}\u00bb sticky_enabled=\u00bb0&#8243;][dipl_image_accordion_item title=\u00bbCristina Cortinas\u00bb show_button=\u00bbon\u00bb button_text=\u00bbPara saber m\u00e1s entra aqu\u00ed\u00bb button_url=\u00bbhttps:\/\/www.fundacionccortinas.org\/cristina-cortinas\/\u00bb button_url_new_window=\u00bbon\u00bb accordion_bg_image=\u00bbhttps:\/\/heroesverdes.mx\/wp-content\/uploads\/2024\/06\/cristina-cortinas-color.jpg\u00bb active_accordion_bg_image=\u00bbhttps:\/\/heroesverdes.mx\/wp-content\/uploads\/2024\/06\/cristina-cortinas-bn.jpg\u00bb _builder_version=\u00bb4.25.2&#8243; _module_preset=\u00bbdefault\u00bb global_colors_info=\u00bb{}\u00bb]<\/p>\n<p><span style=\"color: #78ff31;\">\u201cLa experta en residuos\u201d<\/span><\/p>\n<p>La Dra. Cristina Cortinas es la mayor especialista en sustancias t\u00f3xicas y peligrosas en M\u00e9xico. Realiz\u00f3 investigaciones para evaluar los efectos gen\u00e9ticos de sustancias y contaminantes qu\u00edmicos por m\u00e1s de veinte a\u00f1os en el Instituto de Investigaciones Biom\u00e9dicas de la UNAM. Ha asesorado iniciativas de ley para prohibir la presencia de sustancias t\u00f3xicas, prevenir y gestionar los residuos y fomentar econom\u00edas circulares en varias comunidades de M\u00e9xico.<\/p>\n<p><img loading=\"lazy\" decoding=\"async\" src=\"https:\/\/heroesverdes.mx\/wp-content\/uploads\/2024\/06\/fundacion-300x93.png\" width=\"200\" height=\"62\" alt=\"\" class=\"wp-image-361 alignnone size-medium\" srcset=\"https:\/\/heroesverdes.org\/wp-content\/uploads\/2024\/06\/fundacion-300x93.png 300w, https:\/\/heroesverdes.org\/wp-content\/uploads\/2024\/06\/fundacion.png 302w\" sizes=\"(max-width: 200px) 100vw, 200px\" \/><\/p>\n<p>[\/dipl_image_accordion_item][dipl_image_accordion_item title=\u00bbJahir Mojica\u00bb show_button=\u00bbon\u00bb button_text=\u00bbPara saber m\u00e1s entra aqu\u00ed\u00bb button_url=\u00bbhttps:\/\/suema.com.mx\u00bb button_url_new_window=\u00bbon\u00bb accordion_bg_image=\u00bbhttps:\/\/heroesverdes.mx\/wp-content\/uploads\/2024\/06\/yahir-mojica-color.jpg\u00bb active_accordion_bg_image=\u00bbhttps:\/\/heroesverdes.mx\/wp-content\/uploads\/2024\/06\/yahir-mojica-bn.jpg\u00bb _builder_version=\u00bb4.25.2&#8243; _module_preset=\u00bbdefault\u00bb global_colors_info=\u00bb{}\u00bb]<\/p>\n<p><span style=\"color: #78ff31;\">\u201cEl alquimista\u201d<\/span><\/p>\n<p>Jahir Mojica quizo mejorar la gesti\u00f3n de residuos en M\u00e9xico. Despu\u00e9s de a\u00f1os de trabajo, ahora desarrolla sistemas especiales de tratamiento de desechos. Entre sus inventos m\u00e1s notables se encuentra su laboratorio viviente: un biodigestor que convierte los desechos org\u00e1nicos en energ\u00eda y nutrientes para el suelo que ya revolucion\u00f3 la concepci\u00f3n de los residuos en la alcald\u00eda Milpa Alta (Ciudad de M\u00e9xico).<\/p>\n<p><img loading=\"lazy\" decoding=\"async\" src=\"https:\/\/heroesverdes.mx\/wp-content\/uploads\/2024\/06\/suema.png\" width=\"200\" height=\"66\" alt=\"\" class=\"wp-image-362 alignnone size-full\" \/><\/p>\n<p>[\/dipl_image_accordion_item][dipl_image_accordion_item title=\u00bbAlejandra Valdez\u00bb show_button=\u00bbon\u00bb button_text=\u00bbPara saber m\u00e1s entra aqu\u00ed\u00bb button_url=\u00bbhttps:\/\/ecolana.com.mx\/\u00bb button_url_new_window=\u00bbon\u00bb accordion_bg_image=\u00bbhttps:\/\/heroesverdes.mx\/wp-content\/uploads\/2024\/06\/alejandra-val-color.jpg\u00bb active_accordion_bg_image=\u00bbhttps:\/\/heroesverdes.mx\/wp-content\/uploads\/2024\/06\/alejandra-val-bn.jpg\u00bb _builder_version=\u00bb4.25.2&#8243; _module_preset=\u00bbdefault\u00bb hover_enabled=\u00bb0&#8243; global_colors_info=\u00bb{}\u00bb sticky_enabled=\u00bb0&#8243;]<\/p>\n<p><span style=\"color: #78ff31;\">\u201cLa rescatadora de materiales\u201d<\/span><\/p>\n<p>Alejandra Valdez es persistente y nunca ha abandonado la certeza de la importancia de las peque\u00f1as acciones. Su historia cuenta el esfuerzo de \u201cEcolana\u201d, una plataforma que promueve y facilita la reutilizaci\u00f3n de residuos. Junto con sus socios, logr\u00f3 crear el directorio de reciclaje m\u00e1s importante en M\u00e9xico.<\/p>\n<p>Visita su p\u00e1gina si deseas conocer d\u00f3nde puedes llevar tus residuos, e incluso ganar dinero haciendo esto.<\/p>\n<p><img loading=\"lazy\" decoding=\"async\" src=\"https:\/\/heroesverdes.mx\/wp-content\/uploads\/2024\/06\/ecolana.png\" width=\"197\" height=\"40\" alt=\"\" class=\"wp-image-360 alignnone size-full\" \/><\/p>\n<p>&nbsp;<\/p>\n<p>[\/dipl_image_accordion_item][\/dipl_image_accordion][\/et_pb_column][\/et_pb_row][\/et_pb_section]<\/p>\n","protected":false},"excerpt":{"rendered":"<p>Conocea losH\u00e9roesRegina Bland\u00f3n Narradora Actriz mexicana comprometida con el medio ambiente. M\u00e1s de 4 millones de seguidores en redes sociales. Conocida por la serie de TV La familia P. Luche. Ha actuado en series y filmes, como Cindy la regia, Invitaci\u00f3n a un asesinato y Con los a\u00f1os que me quedan.Nuestros H\u00e9roes<div class=\"et_pb_module dipl_image_accordion dipl_image_accordion_0  et_pb_text_align_center et_pb_bg_layout_light\">\n\t\t\t\t\n\t\t\t\t\n\t\t\t\t\n\t\t\t\t\n\t\t\t\t\n\t\t\t\t\n\t\t\t\t<div class=\"et_pb_module_inner\">\n\t\t\t\t\t<div class=\"dipl_image_accordion_wrapper dipl_image_accordion_content_bottom_left\" data-trigger=\"hover\" data-default-active=\"0\"><\/div>\n\t\t\t\t<\/div>\n\t\t\t<\/div><div class=\"et_pb_module dipl_image_accordion_item dipl_image_accordion_item_0  et_pb_bg_layout_\">\n\t\t\t\t<div class=\"dipl_image_accordion_item_content_wrapper\">\n\t\t\t\t\t<div class=\"dipl_image_accordion_item_content_inner_wrap et_pb_animation_off\"><h4 class=\"dipl_image_accordion_item_title\">Cristina Cortinas<\/h4><div class=\"dipl_image_accordion_item_desc\">\u201cLa experta en residuos\u201d La Dra. Cristina Cortinas es la mayor especialista en sustancias t\u00f3xicas y peligrosas en M\u00e9xico. Realiz\u00f3 investigaciones para evaluar los efectos gen\u00e9ticos de sustancias y contaminantes qu\u00edmicos por m\u00e1s de veinte a\u00f1os en el Instituto de Investigaciones Biom\u00e9dicas de la UNAM. Ha asesorado iniciativas de ley para prohibir la presencia de sustancias t\u00f3xicas, prevenir y gestionar los residuos y fomentar econom\u00edas circulares en varias comunidades de M\u00e9xico. <\/div><div class=\"et_pb_button_wrapper\"><a class=\"et_pb_button\" href=\"https:\/\/www.fundacionccortinas.org\/cristina-cortinas\/\" target=\"_blank\">Para saber m\u00e1s entra aqu\u00ed<\/a><\/div><\/div>\n\t\t\t\t<\/div>\n\t\t\t<\/div><div class=\"et_pb_module dipl_image_accordion_item dipl_image_accordion_item_1  et_pb_bg_layout_\">\n\t\t\t\t<div class=\"dipl_image_accordion_item_content_wrapper\">\n\t\t\t\t\t<div class=\"dipl_image_accordion_item_content_inner_wrap et_pb_animation_off\"><h4 class=\"dipl_image_accordion_item_title\">Jahir Mojica<\/h4><div class=\"et_pb_button_wrapper\"><a class=\"et_pb_button\" href=\"https:\/\/suema.com.mx\" target=\"_blank\">Para saber m\u00e1s entra aqu\u00ed<\/a><\/div><\/div>\n\t\t\t\t<\/div>\n\t\t\t<\/div>\u201cEl alquimista\u201d Jahir Mojica quizo mejorar la gesti\u00f3n de residuos en M\u00e9xico. Despu\u00e9s de a\u00f1os de trabajo, ahora desarrolla sistemas especiales de tratamiento de desechos. Entre sus inventos [&hellip;]<\/p>\n","protected":false},"author":1,"featured_media":0,"parent":0,"menu_order":0,"comment_status":"closed","ping_status":"closed","template":"","meta":{"_et_pb_use_builder":"on","_et_pb_old_content":"<!-- wp:divi\/placeholder \/-->","_et_gb_content_width":"","footnotes":"","_links_to":"","_links_to_target":""},"_links":{"self":[{"href":"https:\/\/heroesverdes.org\/es\/wp-json\/wp\/v2\/pages\/289"}],"collection":[{"href":"https:\/\/heroesverdes.org\/es\/wp-json\/wp\/v2\/pages"}],"about":[{"href":"https:\/\/heroesverdes.org\/es\/wp-json\/wp\/v2\/types\/page"}],"author":[{"embeddable":true,"href":"https:\/\/heroesverdes.org\/es\/wp-json\/wp\/v2\/users\/1"}],"replies":[{"embeddable":true,"href":"https:\/\/heroesverdes.org\/es\/wp-json\/wp\/v2\/comments?post=289"}],"version-history":[{"count":7,"href":"https:\/\/heroesverdes.org\/es\/wp-json\/wp\/v2\/pages\/289\/revisions"}],"predecessor-version":[{"id":510,"href":"https:\/\/heroesverdes.org\/es\/wp-json\/wp\/v2\/pages\/289\/revisions\/510"}],"wp:attachment":[{"href":"https:\/\/heroesverdes.org\/es\/wp-json\/wp\/v2\/media?parent=289"}],"curies":[{"name":"wp","href":"https:\/\/api.w.org\/{rel}","templated":true}]}}