{"id":290,"date":"2024-06-25T22:24:20","date_gmt":"2024-06-26T04:24:20","guid":{"rendered":"https:\/\/heroesverdes.mx\/?page_id=290"},"modified":"2026-05-08T13:04:03","modified_gmt":"2026-05-08T19:04:03","slug":"conoce-a-los-heroes-del-mar","status":"publish","type":"page","link":"https:\/\/heroesverdes.org\/es\/conoce-a-los-heroes-del-mar\/","title":{"rendered":"Conoce a los h\u00e9roes del mar"},"content":{"rendered":"<p>[et_pb_section fb_built=\u00bb1&#8243; _builder_version=\u00bb4.25.2&#8243; _module_preset=\u00bbdefault\u00bb background_image=\u00bbhttps:\/\/heroesverdes.mx\/wp-content\/uploads\/2024\/06\/banner-conoce-heroes.jpg\u00bb custom_padding=\u00bb15vh||15vh||true|false\u00bb global_colors_info=\u00bb{}\u00bb][et_pb_row _builder_version=\u00bb4.25.2&#8243; _module_preset=\u00bbdefault\u00bb global_colors_info=\u00bb{}\u00bb][et_pb_column type=\u00bb4_4&#8243; _builder_version=\u00bb4.25.2&#8243; _module_preset=\u00bbdefault\u00bb global_colors_info=\u00bb{}\u00bb][et_pb_text _builder_version=\u00bb4.25.2&#8243; _module_preset=\u00bbdefault\u00bb header_2_text_color=\u00bb#78ff31&#8243; header_2_font_size=\u00bb70px\u00bb global_colors_info=\u00bb{}\u00bb]<\/p>\n<h2>Conoce<br \/>a los<br \/>H\u00e9roes<\/h2>\n<p>[\/et_pb_text][\/et_pb_column][\/et_pb_row][\/et_pb_section][et_pb_section fb_built=\u00bb1&#8243; _builder_version=\u00bb4.25.2&#8243; _module_preset=\u00bbdefault\u00bb global_colors_info=\u00bb{}\u00bb][et_pb_row column_structure=\u00bb1_2,1_2&#8243; use_custom_gutter=\u00bbon\u00bb gutter_width=\u00bb2&#8243; _builder_version=\u00bb4.25.2&#8243; _module_preset=\u00bbdefault\u00bb global_colors_info=\u00bb{}\u00bb][et_pb_column type=\u00bb1_2&#8243; _builder_version=\u00bb4.25.2&#8243; _module_preset=\u00bbdefault\u00bb global_colors_info=\u00bb{}\u00bb][et_pb_image src=\u00bbhttps:\/\/heroesverdes.mx\/wp-content\/uploads\/2024\/06\/regina-narradora.png\u00bb title_text=\u00bbregina-narradora\u00bb _builder_version=\u00bb4.25.2&#8243; _module_preset=\u00bbdefault\u00bb global_colors_info=\u00bb{}\u00bb][\/et_pb_image][\/et_pb_column][et_pb_column type=\u00bb1_2&#8243; _builder_version=\u00bb4.25.2&#8243; _module_preset=\u00bbdefault\u00bb custom_padding=\u00bb8vh|2vw|||false|false\u00bb global_colors_info=\u00bb{}\u00bb][et_pb_text _builder_version=\u00bb4.25.2&#8243; _module_preset=\u00bbdefault\u00bb text_font=\u00bb|||on|||||\u00bb header_3_font=\u00bb|700|||||||\u00bb header_3_font_size=\u00bb30px\u00bb global_colors_info=\u00bb{}\u00bb]<\/p>\n<h3>Regina Bland\u00f3n<\/h3>\n<p>Narradora<\/p>\n<p>[\/et_pb_text][et_pb_divider color=\u00bb#63d528&#8243; divider_weight=\u00bb2px\u00bb _builder_version=\u00bb4.25.2&#8243; _module_preset=\u00bbdefault\u00bb width=\u00bb40%\u00bb global_colors_info=\u00bb{}\u00bb][\/et_pb_divider][et_pb_text _builder_version=\u00bb4.25.2&#8243; _module_preset=\u00bbdefault\u00bb text_orientation=\u00bbjustified\u00bb global_colors_info=\u00bb{}\u00bb]<\/p>\n<ul>\n<li><span>Actriz mexicana comprometida con el medio ambiente.<\/span><\/li>\n<li><span>M\u00e1s de 4 millones de seguidores en redes sociales.<\/span><\/li>\n<li><span>Conocida por la serie de TV La familia P. Luche.<\/span><\/li>\n<\/ul>\n<p><span>Ha actuado en series y filmes, como Cindy la regia, Invitaci\u00f3n a un asesinato y Con los a\u00f1os que me quedan.<\/span><\/p>\n<p>[\/et_pb_text][\/et_pb_column][\/et_pb_row][\/et_pb_section][et_pb_section fb_built=\u00bb1&#8243; _builder_version=\u00bb4.25.2&#8243; _module_preset=\u00bbdefault\u00bb background_color=\u00bb#000000&#8243; global_colors_info=\u00bb{}\u00bb][et_pb_row module_id=\u00bbmar\u00bb _builder_version=\u00bb4.25.2&#8243; _module_preset=\u00bbdefault\u00bb global_colors_info=\u00bb{}\u00bb][et_pb_column type=\u00bb4_4&#8243; _builder_version=\u00bb4.25.2&#8243; _module_preset=\u00bbdefault\u00bb global_colors_info=\u00bb{}\u00bb][et_pb_text _builder_version=\u00bb4.25.2&#8243; _module_preset=\u00bbdefault\u00bb header_2_font=\u00bb|700|||||||\u00bb header_2_text_align=\u00bbcenter\u00bb header_2_text_color=\u00bb#FFFFFF\u00bb header_2_font_size=\u00bb35px\u00bb global_colors_info=\u00bb{}\u00bb]<\/p>\n<h2>Nuestros H\u00e9roes<\/h2>\n<p>[\/et_pb_text][\/et_pb_column][\/et_pb_row][et_pb_row _builder_version=\u00bb4.25.2&#8243; _module_preset=\u00bbdefault\u00bb global_colors_info=\u00bb{}\u00bb][et_pb_column type=\u00bb4_4&#8243; _builder_version=\u00bb4.25.2&#8243; _module_preset=\u00bbdefault\u00bb global_colors_info=\u00bb{}\u00bb][et_pb_menu menu_id=\u00bb10&#8243; mobile_menu_bg_color=\u00bb#000000&#8243; module_class=\u00bbpa-underline-color-swipe2 pa-active-menu-item\u00bb _builder_version=\u00bb4.25.2&#8243; _module_preset=\u00bbdefault\u00bb menu_font=\u00bb|700|||||||\u00bb menu_text_color=\u00bb#78ff31&#8243; menu_font_size=\u00bb16px\u00bb background_enable_color=\u00bboff\u00bb text_orientation=\u00bbcenter\u00bb global_colors_info=\u00bb{}\u00bb][\/et_pb_menu][\/et_pb_column][\/et_pb_row][et_pb_row _builder_version=\u00bb4.25.2&#8243; _module_preset=\u00bbdefault\u00bb global_colors_info=\u00bb{}\u00bb][et_pb_column type=\u00bb4_4&#8243; _builder_version=\u00bb4.25.2&#8243; _module_preset=\u00bbdefault\u00bb global_colors_info=\u00bb{}\u00bb][dipl_image_accordion content_alignment=\u00bbbottom_left\u00bb inactive_state=\u00bbon|off\u00bb disabled_on=\u00bbon|on|off\u00bb _builder_version=\u00bb4.25.2&#8243; _module_preset=\u00bbdefault\u00bb title_text_color=\u00bb#FFFFFF\u00bb title_font_size=\u00bb30px\u00bb desc_text_text_align=\u00bbjustify\u00bb desc_text_text_color=\u00bb#FFFFFF\u00bb custom_button=\u00bbon\u00bb button_text_size=\u00bb14px\u00bb button_text_color=\u00bb#78ff31&#8243; button_bg_color=\u00bbrgba(0,0,0,0)\u00bb button_border_width=\u00bb1px\u00bb button_border_color=\u00bb#FFFFFF\u00bb button_alignment=\u00bbleft\u00bb height=\u00bb550px\u00bb hover_enabled=\u00bb0&#8243; global_colors_info=\u00bb{}\u00bb sticky_enabled=\u00bb0&#8243;][dipl_image_accordion_item title=\u00bbN\u00e9lida Barajas\u00bb show_button=\u00bbon\u00bb button_text=\u00bbPara saber m\u00e1s entra aqu\u00ed\u00bb button_url=\u00bbhttps:\/\/www.cedo.org\u00bb button_url_new_window=\u00bbon\u00bb accordion_bg_image=\u00bbhttps:\/\/heroesverdes.mx\/wp-content\/uploads\/2024\/06\/nelida-color.jpg\u00bb active_accordion_bg_image=\u00bbhttps:\/\/heroesverdes.mx\/wp-content\/uploads\/2024\/06\/nelida-bn.jpg\u00bb _builder_version=\u00bb4.25.2&#8243; _module_preset=\u00bbdefault\u00bb hover_enabled=\u00bb0&#8243; global_colors_info=\u00bb{}\u00bb sticky_enabled=\u00bb0&#8243;]<\/p>\n<p><span style=\"color: #78ff31;\">\u201cLa aliada de las pescadoras\u201d<\/span><\/p>\n<p>N\u00e9lida vive en Puerto Pe\u00f1asco, Sonora. Ah\u00ed, promueve el empoderamiento de las cooperativas de mujeres pescadoras. Ha dirigido proyectos nacionales e internacionales y ha facilitado alianzas entre varios actores interesados en el cuidado del mar. Actualmente es Directora General del Centro Intercultural de Estudios de Desiertos y Oc\u00e9anos (CEDO).<\/p>\n<p><img loading=\"lazy\" decoding=\"async\" src=\"https:\/\/heroesverdes.mx\/wp-content\/uploads\/2024\/06\/cedo.png\" width=\"149\" height=\"110\" alt=\"\" class=\"wp-image-368 alignnone size-full\" \/><\/p>\n<p>[\/dipl_image_accordion_item][dipl_image_accordion_item title=\u00bbEsteban Garc\u00eda-Pe\u00f1a\u00bb show_button=\u00bbon\u00bb button_text=\u00bbPara saber m\u00e1s entra aqu\u00ed\u00bb button_url=\u00bbhttps:\/\/mx.oceana.org\u00bb button_url_new_window=\u00bbon\u00bb accordion_bg_image=\u00bbhttps:\/\/heroesverdes.mx\/wp-content\/uploads\/2024\/06\/esteban-garcia-color.jpg\u00bb active_accordion_bg_image=\u00bbhttps:\/\/heroesverdes.mx\/wp-content\/uploads\/2024\/06\/esteban-garcia-bn.jpg\u00bb _builder_version=\u00bb4.25.2&#8243; _module_preset=\u00bbdefault\u00bb global_colors_info=\u00bb{}\u00bb]<\/p>\n<p><span style=\"color: #78ff31;\">\u201cEl embajador de los peces\u201d<\/span><\/p>\n<p>Esteban creci\u00f3 admirando a Jacques Cousteau y so\u00f1aba con descubrir el fondo marino. De adulto, descubri\u00f3 que los enormes peligros a los que se enfrentan los ecosistemas marinos no han hecho m\u00e1s que crecer. Ante esto, contribuy\u00f3 a realizar un censo de especies marinas para determinar cu\u00e1les estaban en riesgo, saber qu\u00e9 especies hay y qu\u00e9 pescados nos sirven realmente en nuestra mesa. Actualmente es director de campa\u00f1as en pesquer\u00edas de Oceana M\u00e9xico.<\/p>\n<p><img loading=\"lazy\" decoding=\"async\" src=\"https:\/\/heroesverdes.mx\/wp-content\/uploads\/2024\/06\/oceana-300x61.png\" width=\"192\" height=\"39\" alt=\"\" class=\"wp-image-373 alignnone size-medium\" srcset=\"https:\/\/heroesverdes.org\/wp-content\/uploads\/2024\/06\/oceana-300x61.png 300w, https:\/\/heroesverdes.org\/wp-content\/uploads\/2024\/06\/oceana.png 326w\" sizes=\"(max-width: 192px) 100vw, 192px\" \/><\/p>\n<p>[\/dipl_image_accordion_item][dipl_image_accordion_item title=\u00bbValeria Mas\u00bb show_button=\u00bbon\u00bb button_text=\u00bbPara saber m\u00e1s entra aqu\u00ed\u00bb button_url=\u00bbhttps:\/\/www.fotografiayconservacion.org.mx\/integrante\/19\/\u00bb button_url_new_window=\u00bbon\u00bb accordion_bg_image=\u00bbhttps:\/\/heroesverdes.mx\/wp-content\/uploads\/2024\/06\/valeria-mas-color.jpg\u00bb active_accordion_bg_image=\u00bbhttps:\/\/heroesverdes.mx\/wp-content\/uploads\/2024\/06\/valeria-mas-bn.jpg\u00bb _builder_version=\u00bb4.25.2&#8243; _module_preset=\u00bbdefault\u00bb global_colors_info=\u00bb{}\u00bb]<\/p>\n<p><span style=\"color: #78ff31;\">\u201cLa fot\u00f3grafa de las profundidades\u201d<\/span><\/p>\n<p>Valeria es fot\u00f3grafa marina y siempre ha insistido en la importancia de las im\u00e1genes para generar un cambio en la conciencia de las personas. Con su lente, ha podido constatar la degradaci\u00f3n de los corales marinos, pero tambi\u00e9n ha presenciado los resultados de la restauraci\u00f3n marina. En 1999 fund\u00f3 la Asociaci\u00f3n Mexicana de Imagen Subacu\u00e1tica. Sus fotograf\u00edas han obtenido numerosos premios a nivel nacional e internacional y ha montado exposiciones vistas por un p\u00fablico amplio.<\/p>\n<p>La historia de Valeria nos recuerda que uno solo cuida lo que ama, y solo ama lo que conoce. Visita su p\u00e1gina para conocer su trabajo<\/p>\n<p><img loading=\"lazy\" decoding=\"async\" src=\"https:\/\/heroesverdes.mx\/wp-content\/uploads\/2024\/06\/amfc.png\" width=\"100\" height=\"89\" alt=\"\" class=\"wp-image-367 alignnone size-full\" \/><\/p>\n<p>&nbsp;<\/p>\n<p>[\/dipl_image_accordion_item][\/dipl_image_accordion][dipl_image_accordion accordion_orientation=\u00bbvertical\u00bb content_alignment=\u00bbbottom_center\u00bb inactive_state=\u00bbon|off\u00bb disabled_on=\u00bboff|off|on\u00bb _builder_version=\u00bb4.25.2&#8243; _module_preset=\u00bbdefault\u00bb title_text_color=\u00bb#FFFFFF\u00bb title_font_size=\u00bb30px\u00bb desc_text_text_align=\u00bbjustify\u00bb desc_text_text_color=\u00bb#FFFFFF\u00bb custom_button=\u00bbon\u00bb button_text_size=\u00bb14px\u00bb button_text_color=\u00bb#78ff31&#8243; button_bg_color=\u00bbrgba(0,0,0,0)\u00bb button_border_width=\u00bb1px\u00bb button_border_color=\u00bb#FFFFFF\u00bb button_alignment=\u00bbleft\u00bb height=\u00bb1500px\u00bb hover_enabled=\u00bb0&#8243; global_colors_info=\u00bb{}\u00bb sticky_enabled=\u00bb0&#8243;][dipl_image_accordion_item title=\u00bbN\u00e9lida Barajas\u00bb show_button=\u00bbon\u00bb button_text=\u00bbPara saber m\u00e1s entra aqu\u00ed\u00bb button_url=\u00bbhttps:\/\/www.cedo.org\u00bb button_url_new_window=\u00bbon\u00bb accordion_bg_image=\u00bbhttps:\/\/heroesverdes.mx\/wp-content\/uploads\/2024\/06\/nelida-color.jpg\u00bb active_accordion_bg_image=\u00bbhttps:\/\/heroesverdes.mx\/wp-content\/uploads\/2024\/06\/nelida-bn.jpg\u00bb _builder_version=\u00bb4.25.2&#8243; _module_preset=\u00bbdefault\u00bb hover_enabled=\u00bb0&#8243; global_colors_info=\u00bb{}\u00bb sticky_enabled=\u00bb0&#8243;]<\/p>\n<p><span style=\"color: #78ff31;\">\u201cLa aliada de las pescadoras\u201d<\/span><\/p>\n<p>N\u00e9lida vive en Puerto Pe\u00f1asco, Sonora. Ah\u00ed, promueve el empoderamiento de las cooperativas de mujeres pescadoras. Ha dirigido proyectos nacionales e internacionales y ha facilitado alianzas entre varios actores interesados en el cuidado del mar. Actualmente es Directora General del Centro Intercultural de Estudios de Desiertos y Oc\u00e9anos (CEDO).<\/p>\n<p><img loading=\"lazy\" decoding=\"async\" src=\"https:\/\/heroesverdes.mx\/wp-content\/uploads\/2024\/06\/cedo.png\" width=\"149\" height=\"110\" alt=\"\" class=\"wp-image-368 alignnone size-full\" \/><\/p>\n<p>[\/dipl_image_accordion_item][dipl_image_accordion_item title=\u00bbEsteban Garc\u00eda-Pe\u00f1a\u00bb show_button=\u00bbon\u00bb button_text=\u00bbPara saber m\u00e1s entra aqu\u00ed\u00bb button_url=\u00bbhttps:\/\/mx.oceana.org\u00bb button_url_new_window=\u00bbon\u00bb accordion_bg_image=\u00bbhttps:\/\/heroesverdes.mx\/wp-content\/uploads\/2024\/06\/esteban-garcia-color.jpg\u00bb active_accordion_bg_image=\u00bbhttps:\/\/heroesverdes.mx\/wp-content\/uploads\/2024\/06\/esteban-garcia-bn.jpg\u00bb _builder_version=\u00bb4.25.2&#8243; _module_preset=\u00bbdefault\u00bb global_colors_info=\u00bb{}\u00bb]<\/p>\n<p><span style=\"color: #78ff31;\">\u201cEl embajador de los peces\u201d<\/span><\/p>\n<p>Esteban creci\u00f3 admirando a Jacques Cousteau y so\u00f1aba con descubrir el fondo marino. De adulto, descubri\u00f3 que los enormes peligros a los que se enfrentan los ecosistemas marinos no han hecho m\u00e1s que crecer. Ante esto, contribuy\u00f3 a realizar un censo de especies marinas para determinar cu\u00e1les estaban en riesgo, saber qu\u00e9 especies hay y qu\u00e9 pescados nos sirven realmente en nuestra mesa. Actualmente es director de campa\u00f1as en pesquer\u00edas de Oceana M\u00e9xico.<\/p>\n<p><img loading=\"lazy\" decoding=\"async\" src=\"https:\/\/heroesverdes.mx\/wp-content\/uploads\/2024\/06\/oceana-300x61.png\" width=\"192\" height=\"39\" alt=\"\" class=\"wp-image-373 alignnone size-medium\" srcset=\"https:\/\/heroesverdes.org\/wp-content\/uploads\/2024\/06\/oceana-300x61.png 300w, https:\/\/heroesverdes.org\/wp-content\/uploads\/2024\/06\/oceana.png 326w\" sizes=\"(max-width: 192px) 100vw, 192px\" \/><\/p>\n<p>[\/dipl_image_accordion_item][dipl_image_accordion_item title=\u00bbValeria Mas\u00bb show_button=\u00bbon\u00bb button_text=\u00bbPara saber m\u00e1s entra aqu\u00ed\u00bb button_url=\u00bbhttps:\/\/www.fotografiayconservacion.org.mx\/integrante\/19\/\u00bb button_url_new_window=\u00bbon\u00bb accordion_bg_image=\u00bbhttps:\/\/heroesverdes.mx\/wp-content\/uploads\/2024\/06\/valeria-mas-color.jpg\u00bb active_accordion_bg_image=\u00bbhttps:\/\/heroesverdes.mx\/wp-content\/uploads\/2024\/06\/valeria-mas-bn.jpg\u00bb _builder_version=\u00bb4.25.2&#8243; _module_preset=\u00bbdefault\u00bb global_colors_info=\u00bb{}\u00bb]<\/p>\n<p><span style=\"color: #78ff31;\">\u201cLa fot\u00f3grafa de las profundidades\u201d<\/span><\/p>\n<p>Valeria es fot\u00f3grafa marina y siempre ha insistido en la importancia de las im\u00e1genes para generar un cambio en la conciencia de las personas. Con su lente, ha podido constatar la degradaci\u00f3n de los corales marinos, pero tambi\u00e9n ha presenciado los resultados de la restauraci\u00f3n marina. En 1999 fund\u00f3 la Asociaci\u00f3n Mexicana de Imagen Subacu\u00e1tica. Sus fotograf\u00edas han obtenido numerosos premios a nivel nacional e internacional y ha montado exposiciones vistas por un p\u00fablico amplio.<\/p>\n<p>La historia de Valeria nos recuerda que uno solo cuida lo que ama, y solo ama lo que conoce. Visita su p\u00e1gina para conocer su trabajo<\/p>\n<p><img loading=\"lazy\" decoding=\"async\" src=\"https:\/\/heroesverdes.mx\/wp-content\/uploads\/2024\/06\/amfc.png\" width=\"100\" height=\"89\" alt=\"\" class=\"wp-image-367 alignnone size-full\" \/><\/p>\n<p>&nbsp;<\/p>\n<p>[\/dipl_image_accordion_item][\/dipl_image_accordion][\/et_pb_column][\/et_pb_row][\/et_pb_section]<\/p>\n","protected":false},"excerpt":{"rendered":"<p>Conocea losH\u00e9roesRegina Bland\u00f3n Narradora Actriz mexicana comprometida con el medio ambiente. M\u00e1s de 4 millones de seguidores en redes sociales. Conocida por la serie de TV La familia P. Luche. Ha actuado en series y filmes, como Cindy la regia, Invitaci\u00f3n a un asesinato y Con los a\u00f1os que me quedan.Nuestros H\u00e9roes<div class=\"et_pb_module dipl_image_accordion dipl_image_accordion_0  et_pb_text_align_center et_pb_bg_layout_light\">\n\t\t\t\t\n\t\t\t\t\n\t\t\t\t\n\t\t\t\t\n\t\t\t\t\n\t\t\t\t\n\t\t\t\t<div class=\"et_pb_module_inner\">\n\t\t\t\t\t<div class=\"dipl_image_accordion_wrapper dipl_image_accordion_content_bottom_left\" data-trigger=\"hover\" data-default-active=\"0\"><\/div>\n\t\t\t\t<\/div>\n\t\t\t<\/div><div class=\"et_pb_module dipl_image_accordion_item dipl_image_accordion_item_0  et_pb_bg_layout_\">\n\t\t\t\t<div class=\"dipl_image_accordion_item_content_wrapper\">\n\t\t\t\t\t<div class=\"dipl_image_accordion_item_content_inner_wrap et_pb_animation_off\"><h4 class=\"dipl_image_accordion_item_title\">N\u00e9lida Barajas<\/h4><div class=\"dipl_image_accordion_item_desc\">\u201cLa aliada de las pescadoras\u201d N\u00e9lida vive en Puerto Pe\u00f1asco, Sonora. Ah\u00ed, promueve el empoderamiento de las cooperativas de mujeres pescadoras. Ha dirigido proyectos nacionales e internacionales y ha facilitado alianzas entre varios actores interesados en el cuidado del mar. Actualmente es Directora General del Centro Intercultural de Estudios de Desiertos y Oc\u00e9anos (CEDO). <\/div><div class=\"et_pb_button_wrapper\"><a class=\"et_pb_button\" href=\"https:\/\/www.cedo.org\" target=\"_blank\">Para saber m\u00e1s entra aqu\u00ed<\/a><\/div><\/div>\n\t\t\t\t<\/div>\n\t\t\t<\/div><div class=\"et_pb_module dipl_image_accordion_item dipl_image_accordion_item_1  et_pb_bg_layout_\">\n\t\t\t\t<div class=\"dipl_image_accordion_item_content_wrapper\">\n\t\t\t\t\t<div class=\"dipl_image_accordion_item_content_inner_wrap et_pb_animation_off\"><h4 class=\"dipl_image_accordion_item_title\">Esteban Garc\u00eda-Pe\u00f1a<\/h4><div class=\"et_pb_button_wrapper\"><a class=\"et_pb_button\" href=\"https:\/\/mx.oceana.org\" target=\"_blank\">Para saber m\u00e1s entra aqu\u00ed<\/a><\/div><\/div>\n\t\t\t\t<\/div>\n\t\t\t<\/div>\u201cEl embajador de los peces\u201d Esteban creci\u00f3 admirando a Jacques Cousteau y so\u00f1aba con descubrir el fondo marino. De adulto, descubri\u00f3 que los enormes peligros a los que se enfrentan los ecosistemas marinos no han hecho m\u00e1s que crecer. Ante esto, contribuy\u00f3 a [&hellip;]<\/p>\n","protected":false},"author":1,"featured_media":0,"parent":0,"menu_order":0,"comment_status":"closed","ping_status":"closed","template":"","meta":{"_et_pb_use_builder":"on","_et_pb_old_content":"<!-- wp:divi\/placeholder \/-->","_et_gb_content_width":"","footnotes":"","_links_to":"","_links_to_target":""},"_links":{"self":[{"href":"https:\/\/heroesverdes.org\/es\/wp-json\/wp\/v2\/pages\/290"}],"collection":[{"href":"https:\/\/heroesverdes.org\/es\/wp-json\/wp\/v2\/pages"}],"about":[{"href":"https:\/\/heroesverdes.org\/es\/wp-json\/wp\/v2\/types\/page"}],"author":[{"embeddable":true,"href":"https:\/\/heroesverdes.org\/es\/wp-json\/wp\/v2\/users\/1"}],"replies":[{"embeddable":true,"href":"https:\/\/heroesverdes.org\/es\/wp-json\/wp\/v2\/comments?post=290"}],"version-history":[{"count":11,"href":"https:\/\/heroesverdes.org\/es\/wp-json\/wp\/v2\/pages\/290\/revisions"}],"predecessor-version":[{"id":946,"href":"https:\/\/heroesverdes.org\/es\/wp-json\/wp\/v2\/pages\/290\/revisions\/946"}],"wp:attachment":[{"href":"https:\/\/heroesverdes.org\/es\/wp-json\/wp\/v2\/media?parent=290"}],"curies":[{"name":"wp","href":"https:\/\/api.w.org\/{rel}","templated":true}]}}